{"id":29251,"date":"2025-01-04T18:13:40","date_gmt":"2025-01-04T18:13:40","guid":{"rendered":"https:\/\/roible.com\/?page_id=29251"},"modified":"2025-09-08T22:01:51","modified_gmt":"2025-09-08T19:01:51","slug":"is-basvurusu","status":"publish","type":"page","link":"https:\/\/roible.com\/tr\/is-basvurusu\/","title":{"rendered":"\u0130\u015f Ba\u015fvurusu"},"content":{"rendered":"\t\t<div data-elementor-type=\"wp-page\" data-elementor-id=\"29251\" class=\"elementor elementor-29251\">\n\t\t\t\t<div class=\"elementor-element elementor-element-424767fa e-flex e-con-boxed e-con e-parent\" data-id=\"424767fa\" data-element_type=\"container\" data-e-type=\"container\" data-settings=\"{&quot;background_background&quot;:&quot;classic&quot;}\">\n\t\t\t\t\t<div class=\"e-con-inner\">\n\t\t<div class=\"elementor-element elementor-element-623afcdc e-con-full e-flex e-con e-child\" data-id=\"623afcdc\" data-element_type=\"container\" data-e-type=\"container\">\n\t\t<div class=\"elementor-element elementor-element-1fa10261 e-con-full animated-fast e-flex elementor-invisible e-con e-child\" data-id=\"1fa10261\" data-element_type=\"container\" data-e-type=\"container\" data-settings=\"{&quot;background_background&quot;:&quot;classic&quot;,&quot;animation&quot;:&quot;fadeInUp&quot;,&quot;animation_delay&quot;:200}\">\n\t\t\t\t<div class=\"elementor-element elementor-element-b421d5d elementor-widget elementor-widget-elementskit-breadcrumb\" data-id=\"b421d5d\" data-element_type=\"widget\" data-e-type=\"widget\" data-settings=\"{&quot;ekit_we_effect_on&quot;:&quot;none&quot;}\" data-widget_type=\"elementskit-breadcrumb.default\">\n\t\t\t\t<div class=\"elementor-widget-container\">\n\t\t\t\t\t<div class=\"ekit-wid-con\" ><ol class=\"ekit-breadcrumb\"><li class=\"ekit_breadcrumbs_start\"><a href=\"https:\/\/roible.com\/tr\/\">Home<\/a><\/li> <li class=\"brd_sep\"> &raquo; <\/li>  <li>\u0130\u015f Ba\u015fvurusu<\/li><\/ol><\/div>\t\t\t\t<\/div>\n\t\t\t\t<\/div>\n\t\t\t\t<div class=\"elementor-element elementor-element-f8edb0e elementor-widget elementor-widget-elementskit-heading\" data-id=\"f8edb0e\" data-element_type=\"widget\" data-e-type=\"widget\" data-settings=\"{&quot;ekit_we_effect_on&quot;:&quot;none&quot;}\" data-widget_type=\"elementskit-heading.default\">\n\t\t\t\t<div class=\"elementor-widget-container\">\n\t\t\t\t\t<div class=\"ekit-wid-con\" ><div class=\"ekit-heading elementskit-section-title-wraper text_left   ekit_heading_tablet-   ekit_heading_mobile-\"><h1 class=\"ekit-heading--title elementskit-section-title \">\u0130\u015f Ba\u015fvurusu<\/h1><div class=\"ekit_heading_separetor_wraper ekit_heading_elementskit-border-divider ekit-dotted\"><div class=\"elementskit-border-divider ekit-dotted\"><\/div><\/div><\/div><\/div>\t\t\t\t<\/div>\n\t\t\t\t<\/div>\n\t\t\t\t<div class=\"elementor-element elementor-element-a2b1cf5 elementor-widget elementor-widget-html\" data-id=\"a2b1cf5\" data-element_type=\"widget\" data-e-type=\"widget\" data-settings=\"{&quot;ekit_we_effect_on&quot;:&quot;none&quot;}\" data-widget_type=\"html.default\">\n\t\t\t\t<div class=\"elementor-widget-container\">\n\t\t\t\t\t<iframe class=\"clickup-embed clickup-dynamic-height\" src=\"https:\/\/forms.clickup.com\/9003240619\/f\/8ca535b-35175\/1AZHG1Y28Z804NP3YG\" onwheel=\"\" width=\"100%\" height=\"100%\" style=\"background: transparent; border: 1px solid #ccc;\"><\/iframe><script async src=\"https:\/\/app-cdn.clickup.com\/assets\/js\/forms-embed\/v1.js\"><\/script>\t\t\t\t<\/div>\n\t\t\t\t<\/div>\n\t\t\t\t<\/div>\n\t\t\t\t<\/div>\n\t\t\t\t\t<\/div>\n\t\t\t\t<\/div>\n\t\t\t\t<\/div>\n\t\t   ","protected":false},"excerpt":{"rendered":"<p>Home \u0130\u015f Ba\u015fvurusu<\/p>\n","protected":false},"author":3,"featured_media":0,"parent":0,"menu_order":0,"comment_status":"closed","ping_status":"closed","template":"","meta":{"footnotes":""},"class_list":["post-29251","page","type-page","status-publish","hentry"],"_links":{"self":[{"href":"https:\/\/roible.com\/tr\/wp-json\/wp\/v2\/pages\/29251","targetHints":{"allow":["GET"]}}],"collection":[{"href":"https:\/\/roible.com\/tr\/wp-json\/wp\/v2\/pages"}],"about":[{"href":"https:\/\/roible.com\/tr\/wp-json\/wp\/v2\/types\/page"}],"author":[{"embeddable":true,"href":"https:\/\/roible.com\/tr\/wp-json\/wp\/v2\/users\/3"}],"replies":[{"embeddable":true,"href":"https:\/\/roible.com\/tr\/wp-json\/wp\/v2\/comments?post=29251"}],"version-history":[{"count":0,"href":"https:\/\/roible.com\/tr\/wp-json\/wp\/v2\/pages\/29251\/revisions"}],"wp:attachment":[{"href":"https:\/\/roible.com\/tr\/wp-json\/wp\/v2\/media?parent=29251"}],"curies":[{"name":"wp","href":"https:\/\/api.w.org\/{rel}","templated":true}]}}