{"id":27757,"date":"2024-06-19T21:42:41","date_gmt":"2024-06-19T21:42:41","guid":{"rendered":"https:\/\/roible.com\/?page_id=27757"},"modified":"2024-06-19T21:44:07","modified_gmt":"2024-06-19T21:44:07","slug":"gizlilik-politikasi","status":"publish","type":"page","link":"https:\/\/roible.com\/tr\/gizlilik-politikasi\/","title":{"rendered":"Gizlilik Politikas\u0131"},"content":{"rendered":"<p>ROIBLE olarak web sitemizi ziyaret eden ve bizimle elektronik olarak ileti\u015fim kuran herkesin ki\u015fisel verilerine sayg\u0131 g\u00f6steriyoruz. Web sitemizin ziyaret edilmesi s\u0131ras\u0131nda otomatik veya otomatik olmayan y\u00f6ntemlerle kaydetti\u011fimiz ve elektronik olarak bizimle payla\u015ft\u0131\u011f\u0131n\u0131z ki\u015fisel verileriniz, \u00f6ncelikle taleplerinizin yerine getirilmesini temin edebilmek, daha sonra ise ROIBLE olarak size daha iyi hizmet sunmak amac\u0131yla kullan\u0131lacakt\u0131r. Ayr\u0131ca ROIBLE bu web sitesinde bulunan Gizlilik Politikas\u0131 (\u201cGizlilik Politikas\u0131\u201d) h\u00fck\u00fcmleri do\u011frultusunda, ki\u015fisel verilerinizin korunmas\u0131 ve g\u00fcvenli\u011fi ile ilgili b\u00fct\u00fcn sorumlulu\u011fu \u00fcstlendi\u011fini kabul etmektedir.<\/p>\n<p>Ki\u015fisel verilerinizin elde edilmesi, kaydedilmesi, saklanmas\u0131, muhafazas\u0131, de\u011fi\u015ftirilmesi, yeniden d\u00fczenlenmesi, a\u00e7\u0131klanmas\u0131, sat\u0131lmas\u0131 ya da di\u011fer bi\u00e7imlerde i\u015flenmesi bak\u0131m\u0131ndan a\u015fa\u011f\u0131da yer alan ilkelere ROIBLE olarak uygun davranaca\u011f\u0131m\u0131z\u0131 taahh\u00fct ederiz:<\/p>\n<p>Ki\u015fisel verileriniz, her zaman hukuka ve d\u00fcr\u00fcstl\u00fck kural\u0131na uygun, do\u011fru bir bi\u00e7imde i\u015flenecektir.<\/p>\n<p>Ki\u015fisel verileriniz, r\u0131zan\u0131z\u0131n al\u0131nmas\u0131 suretiyle ya da mevzuatta \u00f6ng\u00f6r\u00fclen di\u011fer hallerde i\u015flenebilecek ve\/veya \u00fc\u00e7\u00fcnc\u00fc ki\u015filere aktar\u0131labilecektir.<\/p>\n<p>Ki\u015fisel verileriniz, belirli, a\u00e7\u0131k ve me\u015fru ama\u00e7lar i\u00e7in i\u015flenebilecektir.<\/p>\n<p>Ki\u015fisel verileriniz, an\u0131lan ama\u00e7larla s\u0131n\u0131rl\u0131 ve ba\u011flant\u0131l\u0131 olarak toplanacak ve \u00f6l\u00e7\u00fcl\u00fc bi\u00e7imde i\u015flenecektir.<\/p>\n<p>Taraf\u0131n\u0131za, ki\u015fisel verilerinizi gerekti\u011finde g\u00fcncelleme imkan\u0131 sa\u011flanacakt\u0131r.<\/p>\n<p>Ki\u015fisel verileriniz i\u015flendikleri ama\u00e7 i\u00e7in gerekli olan s\u00fcre kadar muhafaza edilecektir.<\/p>\n<p><b>Gizlilik Politikas\u0131n\u0131n Kapsam\u0131<\/b><br \/>\nBu Gizlilik Politikas\u0131, t\u00fcm ROIBLE web sitelerini kapsamaktad\u0131r.<\/p>\n<p>Bu Gizlilik Politikas\u0131 ROIBLE\u2019\u0131n kontrol\u00fc d\u0131\u015f\u0131ndaki uygulamalar, \u00fc\u00e7\u00fcnc\u00fc taraf web siteleri ve platformlar\u0131n (\u201c\u00dc\u00e7\u00fcnc\u00fc Taraf Siteleri\u201d) toplad\u0131\u011f\u0131 bilgileri; \u00dc\u00e7\u00fcnc\u00fc Taraf Siteleri\u2019nin, web sitemizdeki ba\u011flant\u0131lar \u00fczerinden toplad\u0131\u011f\u0131 bilgileri veya sponsor oldu\u011fumuz veya kat\u0131ld\u0131\u011f\u0131m\u0131z \u00fc\u00e7\u00fcnc\u00fc taraf web siteleri \u00fczerindeki ba\u015fl\u0131klar, kampanyalar ve di\u011fer reklam veya tan\u0131t\u0131mlar\u0131 kapsamamaktad\u0131r. \u00dc\u00e7\u00fcnc\u00fc taraflar\u0131n kendi web siteleri yoluyla toplad\u0131\u011f\u0131, saklad\u0131\u011f\u0131 ve kulland\u0131\u011f\u0131 ki\u015fisel verilere y\u00f6nelik yap\u0131lan i\u015flemlerden ROIBLE sorumlu de\u011fildir.<\/p>\n<p><b>Ki\u015fisel Veriler<\/b>\u00a0Bu Gizlilik Politikas\u0131\u2019nda, \u201cki\u015fisel verileriniz,\u201d kimli\u011finizi belirli ya da belirlenebilir k\u0131lan her t\u00fcrl\u00fc bilgi veya bilgi par\u00e7alar\u0131n\u0131 ifade eder. Bunlar tipik olarak ad\u0131n\u0131z, adresiniz, kullan\u0131c\u0131 ad\u0131n\u0131z, profil resminiz, e-posta adresiniz ve telefon numaran\u0131z\u0131 i\u00e7erir; ancak IP adresi, al\u0131\u015fveri\u015f al\u0131\u015fkanl\u0131klar\u0131, ya\u015fam tarz\u0131na dair tercihler, hobiler ve ilgi alanlar\u0131 gibi di\u011fer bilgileri de i\u00e7erebilmektedir.<\/p>\n<p><b>Hangi Ki\u015fisel Veriler Elde Edilmektedir?<\/b><\/p>\n<p><b>Otomatik Ara\u00e7lar Taraf\u0131ndan Toplanan Veriler<\/b><br \/>\nWeb sitemizi; geli\u015ftirmek, sitemizi kullan\u0131\u015fl\u0131, etkili ve g\u00fcvenli hale getirmek amac\u0131yla \u00e7e\u015fitli teknolojiler kullan\u0131labilmektedir. Bu teknolojiler, web sitemizi; her ziyaret etti\u011finizde veya web sitemizle; etkile\u015fim kurdu\u011funuzda; eri\u015fim ve kullan\u0131m\u0131 g\u00f6steren bilgileri otomatik veya pasif olarak toplayan \u00e7e\u015fitli veri elde etme ara\u00e7lar\u0131d\u0131r. Bu teknolojiye \u00f6rnek olarak; \u00e7erezler (cookies), flash \u00e7erezler ve web analizleri g\u00f6sterilebilir (\u00e7erezler ve benzeri teknolojik ara\u00e7lar bundan b\u00f6yle \u201c\u00e7erezler\u201d olarak an\u0131lacak).<\/p>\n<p><b>\u00c7erezler<\/b><br \/>\nG\u00fcn\u00fcm\u00fczde neredeyse her web sitesi \u00e7erez kullanmaktad\u0131r. Size daha iyi, h\u0131zl\u0131 ve g\u00fcvenli bir deneyim sa\u011flamak i\u00e7in, \u00e7o\u011fu web sitesi gibi biz de \u00e7erez kullan\u0131yoruz. \u00c7erezler, ziyaret etti\u011finiz web siteleri taraf\u0131ndan olu\u015fturulan ve web sitesi tercihleriniz veya profil bilgileriniz gibi g\u00f6z atma bilgilerini saklayan ve cihaz\u0131n\u0131za yerle\u015ftirilen k\u00fc\u00e7\u00fck metin dosyalar\u0131d\u0131r. \u00c7erezler, bir web sitesini ilk ziyaretiniz s\u0131ras\u0131nda taray\u0131c\u0131n\u0131z arac\u0131l\u0131\u011f\u0131yla cihaz\u0131n\u0131za depolanabilirler. Ayn\u0131 siteyi ayn\u0131 cihazla tekrar ziyaret etti\u011finizde taray\u0131c\u0131n\u0131z cihaz\u0131n\u0131zda site ad\u0131na kay\u0131tl\u0131 bir \u00e7erez olup olmad\u0131\u011f\u0131n\u0131 kontrol eder. E\u011fer kay\u0131t var ise, kayd\u0131n i\u00e7indeki veriyi ziyaret etmekte oldu\u011funuz web sitesine iletir. Bu sayede web sitesi, sizin siteyi daha \u00f6nce ziyaret etti\u011finizi anlar ve size iletilecek i\u00e7eri\u011fi de ona g\u00f6re tayin eder. \u00c7erezler arac\u0131l\u0131\u011f\u0131yla web trafi\u011fi analiz edilmekte ve web uygulamalar\u0131n\u0131z tercihleriniz do\u011frultusunda ki\u015fiselle\u015ftirilebilmektedir. Baz\u0131 \u00e7erezler ki\u015fisel veriler i\u00e7erebilmektedir (\u00f6rne\u011fin oturum a\u00e7arken \u201cbeni hat\u0131rla\u201d se\u00e7ene\u011fine t\u0131kland\u0131\u011f\u0131nda \u00e7erez taraf\u0131ndan kullan\u0131c\u0131 ad\u0131n\u0131n kaydedilmesi). Bu \u00e7erezler ancak sizin onay\u0131n\u0131z\u0131n bulunmas\u0131 ko\u015fuluyla kaydedilmektedir.<\/p>\n<p>ROIBLE taraf\u0131ndan kullan\u0131lan \u00e7erezler bilgisayar\u0131n\u0131za zarar vermez ve vir\u00fcs i\u00e7ermez.<\/p>\n<p><b>\u0130lgili veri elde etme ara\u00e7lar\u0131 genel olarak a\u015fa\u011f\u0131daki ama\u00e7larla kullan\u0131lmaktad\u0131r:<\/b><br \/>\nWeb sitesinin performans\u0131n\u0131 artt\u0131rmak, sitelerin kullan\u0131m\u0131n\u0131 daha kolay ve\/veya h\u0131zl\u0131 hale getirmek;<\/p>\n<p>Web siteleri \u00fczerinden yeni \u00f6zellikler sunmak;<\/p>\n<p>Siz (ayg\u0131t\u0131n\u0131z veya taray\u0131c\u0131 \u00f6nbelle\u011finiz \u00fczerinde) ve web sitelerinin kullan\u0131m\u0131 hakk\u0131nda bilgileri saklamak;<\/p>\n<p>\u00dcr\u00fcn ve hizmetlerin kullan\u0131m\u0131n\u0131 izlemek ve anlamak;<\/p>\n<p>Web sitesinin kullan\u0131c\u0131s\u0131 olan sizlerin deneyimini iyile\u015ftirmek, ki\u015fiselle\u015ftirmek;<\/p>\n<p>Reklamlar yay\u0131nlamak, reklamlar\u0131 anlamak ve geli\u015ftirmek;<\/p>\n<p>Web sitelerinin, sizin ve ROIBLE\u2019\u0131n g\u00fcvenli\u011fini sa\u011flamak.<\/p>\n<p><b>Web Sitemizde Kulland\u0131\u011f\u0131m\u0131z \u00c7erez Tipleri<\/b><br \/>\n<b>Analitik \u00c7erezler<\/b><\/p>\n<p>Web sitemizi ziyaret eden ziyaret\u00e7i say\u0131s\u0131n\u0131 tespit edebilmek amac\u0131yla Google Analytics \u00e7erezlerini kullanmaktay\u0131z. Analitik \u00e7erezler, sizin web sitemizi nas\u0131l kulland\u0131\u011f\u0131n\u0131z\u0131 ve sitemizde nelerin \u00e7al\u0131\u015f\u0131p nelerin \u00e7al\u0131\u015fmad\u0131\u011f\u0131n\u0131 g\u00f6rmek, sitemizi optimize edip geli\u015ftirmek ve sizin i\u00e7in ilgi \u00e7ekici ve ama\u00e7lar\u0131na uygun olmaya devam etti\u011finden emin olmak i\u00e7in kullan\u0131lmaktad\u0131r. Elde edilen veriler aras\u0131nda g\u00f6r\u00fcnt\u00fcledi\u011finiz sayfalar, y\u00f6nlendirme\/\u00e7\u0131k\u0131\u015f sayfalar\u0131, kulland\u0131\u011f\u0131n\u0131z platform tipi, tarih\/saat damgas\u0131 bilgileri ve verilen sayfaya yapt\u0131\u011f\u0131n\u0131z (fare) t\u0131klama say\u0131s\u0131, fare hareketleriniz, g\u00f6r\u00fcnt\u00fc kayd\u0131rma aktiviteniz, kulland\u0131\u011f\u0131n\u0131z arama terimleri ve sitemizi kullan\u0131rken girdi\u011finiz metinler gibi ayr\u0131nt\u0131lar bulunmaktad\u0131r.<\/p>\n<p>Detayl\u0131 bilgi edinmek i\u00e7in Google Analytics gizlilik sayfas\u0131n\u0131 inceleyiniz:<br \/>\n<a href=\"https:\/\/www.google.com\/intl\/es\/analytics\/privacyoverview.html\" target=\"_blank\" rel=\"noopener noreferrer nofollow\">http:\/\/www.google.com\/intl\/es\/analytics\/privacyoverview.html<\/a><\/p>\n<p><b>\u00c7erezler engellenebilir mi?<\/b><br \/>\n\u00c7erezlerin kullan\u0131m\u0131na ili\u015fkin tercihlerinizi de\u011fi\u015ftirmek ya da \u00e7erezleri engellemek veya silmek i\u00e7in taray\u0131c\u0131n\u0131z\u0131n ayarlar\u0131n\u0131 de\u011fi\u015ftirmeniz yeterlidir. Bir\u00e7ok taray\u0131c\u0131 \u00e7erezleri kontrol edebilmeniz i\u00e7in size \u00e7erezleri kabul etme veya reddetme, yaln\u0131zca belirli t\u00fcrdeki \u00e7erezleri kabul etme ya da bir web sitesine veya cihaz\u0131n\u0131za \u00e7erez depolamay\u0131 talep etti\u011finde taray\u0131c\u0131 taraf\u0131ndan uyar\u0131lma se\u00e7ene\u011fi sunar. Ayn\u0131 zamanda daha \u00f6nce taray\u0131c\u0131n\u0131za kaydedilmi\u015f \u00e7erezlerin silinmesi de m\u00fcmk\u00fcnd\u00fcr. Ancak \u00e7erezleri silmeniz ve ilerideki \u00e7erezlerin bilgisayar\u0131n\u0131za indirilmesini engellemeniz durumunda \u00f6zelliklerimizin baz\u0131lar\u0131na ula\u015famayaca\u011f\u0131n\u0131z\u0131 hat\u0131rlatmak isteriz.<\/p>\n<p>Ancak \u00e7erezleri devre d\u0131\u015f\u0131 b\u0131rak\u0131r veya red ederseniz, hesab\u0131n\u0131z\u0131\/hesaplar\u0131n\u0131z\u0131 tan\u0131yamayaca\u011f\u0131m\u0131z ve ili\u015fkilendiremeyece\u011fimiz i\u00e7in web sitelerimizdeki baz\u0131 \u00f6zelliklerin ve hizmetlerin d\u00fczg\u00fcn \u00e7al\u0131\u015fmayaca\u011f\u0131n\u0131 belirtmek isteriz.<\/p>\n<p>\u00c7erezleri kontrol edilmesine veya silinmesine ili\u015fkin i\u015flemler kulland\u0131\u011f\u0131n\u0131z taray\u0131c\u0131ya g\u00f6re de\u011fi\u015febilmektedir. Baz\u0131 pop\u00fcler taray\u0131c\u0131lar\u0131n \u00e7erezlere izin verme ya da \u00e7erezleri engelleme veya silme talimatlar\u0131na a\u015fa\u011f\u0131daki linklerden ula\u015f\u0131lmas\u0131 m\u00fcmk\u00fcnd\u00fcr:<\/p>\n<p>Internet Explorer:<a href=\"https:\/\/support.microsoft.com\/gp\/cookies\/en\" target=\"_blank\" rel=\"noopener noreferrer nofollow\">\u00a0http:\/\/support.microsoft.com\/gp\/cookies\/en\u00a0<\/a><br \/>\nMozillaFirefox:<a href=\"https:\/\/support.mozilla.com\/en-US\/kb\/Cookies\" target=\"_blank\" rel=\"noopener noreferrer nofollow\">\u00a0http:\/\/support.mozilla.com\/en-US\/kb\/Cookies\u00a0<\/a><br \/>\nGoogle Chrome:<a href=\"https:\/\/www.google.com\/support\/chrome\/bin\/answer.py?hl=en&amp;answer=95647\" target=\"_blank\" rel=\"noopener noreferrer nofollow\">\u00a0http:\/\/www.google.com\/support\/chrome\/bin\/answer.py?hl=en&amp;answer=95647\u00a0<\/a><br \/>\nSafari:<a href=\"https:\/\/support.apple.com\/kb\/PH5042\" target=\"_blank\" rel=\"noopener noreferrer nofollow\">\u00a0http:\/\/support.apple.com\/kb\/PH5042\u00a0<\/a><br \/>\nOpera:<a href=\"https:\/\/www.opera.com\/browser\/tutorials\/security\/privacy\/\" target=\"_blank\" rel=\"noopener noreferrer nofollow\">\u00a0http:\/\/www.opera.com\/browser\/tutorials\/security\/privacy\/\u00a0<\/a><br \/>\nAdobe (plug-in forflashcookies):<a href=\"https:\/\/www.adobe.com\/security\/flashplayer\/articles\/lso\/\" target=\"_blank\" rel=\"noopener noreferrer nofollow\">\u00a0http:\/\/www.adobe.com\/security\/flashplayer\/articles\/lso\/\u00a0<\/a><br \/>\nAOL:\u00a0<a href=\"https:\/\/help.aol.com\/articles\/restore-security-settings-and-enable-cookie-settings-on-browser\" target=\"_blank\" rel=\"noopener noreferrer nofollow\">https:\/\/help.aol.com\/articles\/restore-security-settings-and-enable-cookie-settings-on-browser\u00a0<\/a><br \/>\nSizin Taraf\u0131n\u0131zdan Payla\u015f\u0131lan Veriler<br \/>\nOtomatik olarak elde edilen verilerin yan\u0131 s\u0131ra, sizin taraf\u0131n\u0131zdan payla\u015f\u0131lan veriler de ayr\u0131ca i\u015flenmektedir. Bu veriler, sa\u011flama amac\u0131n\u0131z do\u011frultusunda ve bu ama\u00e7la s\u0131n\u0131rl\u0131 kalmak kayd\u0131yla kullan\u0131lmaktad\u0131r.<\/p>\n<p>S\u00f6z konusu verilerin kullan\u0131m ama\u00e7lar\u0131na ili\u015fkin ba\u015fl\u0131ca \u00f6rnekler \u015fu \u015fekilde s\u0131ralanabilecektir:<br \/>\nWeb sitemize kay\u0131t oldu\u011funuzda ki\u015fisel verilerinizi ilgili web sitelerinde yer alan formlar arac\u0131l\u0131\u011f\u0131yla elde eder (\u00f6rne\u011fin; ad-soyad, e-posta adresi, ileti\u015fim bilgileri, cinsiyet vb.) ve talep edilen hizmetler sa\u011flan\u0131r veya \u00f6zellikle talep edildiyse e-b\u00fclten, pazarlamaya y\u00f6nelik bilgilendirmeler vb. b\u00fcltenler g\u00f6nderebiliriz;<\/p>\n<p>Pazar ara\u015ft\u0131rmas\u0131, planlama ve istatistiki analizler yap\u0131lmas\u0131 amac\u0131yla ki\u015fisel verilerinizi kullanabiliriz.<br \/>\nKullan\u0131c\u0131lar ve web sitemizin g\u00fcvenli\u011fini sa\u011flamak ad\u0131na ki\u015fisel verilerinizi i\u015fleyebiliriz.<\/p>\n<p><b>Ki\u015fisel Verilerin Ba\u015fkalar\u0131na \u0130letilmesi<\/b><br \/>\nKi\u015fisel verileriniz r\u0131zan\u0131z olmaks\u0131z\u0131n veya mevzuatta \u00f6ng\u00f6r\u00fclmesi hali d\u0131\u015f\u0131nda bu Gizlilik Politikas\u0131\u2019nda belirtilenler haricinde \u00fc\u00e7\u00fcnc\u00fc ki\u015filerle payla\u015f\u0131lmayacakt\u0131r.<\/p>\n<p>Ki\u015fisel verilerinizi ROIBLE i\u00e7in destek hizmetleri sa\u011flayan \u00fc\u00e7\u00fcnc\u00fc ki\u015filerle payla\u015fabiliriz. \u0130lgili \u00fc\u00e7\u00fcnc\u00fc ki\u015filer, s\u00f6z konusu servisi yerine getirebilmek i\u00e7in gerekli olan ilgili ki\u015fisel veriye eri\u015fim hakk\u0131 sa\u011flamaktad\u0131r. Bu durumda, s\u00f6z konusu \u00fc\u00e7\u00fcnc\u00fc ki\u015filer, bilgilerinizi yaln\u0131zca ROIBLE ad\u0131na hizmet vermek i\u00e7in kullanacak, s\u00f6zle\u015fmesel y\u00fck\u00fcml\u00fcl\u00fckleri \u00e7er\u00e7evesinde bu bilgileri gizli tutmak ve ba\u015fka hi\u00e7bir ama\u00e7la kullanmama y\u00fck\u00fcml\u00fcl\u00fc\u011f\u00fc alt\u0131nda olacaklard\u0131r.<\/p>\n<p>Baz\u0131 durumlarda ki\u015fisel olmayan veriler, \u00f6rne\u011fin web sitemize belirli bir zaman periyodu i\u00e7erisinde ka\u00e7 ziyaret yap\u0131ld\u0131\u011f\u0131n\u0131n payla\u015f\u0131m\u0131 s\u00f6z konusu olabilir.<\/p>\n<p><u>Ki\u015fisel verileriniz, g\u00f6r\u00fclen hizmet kapsam\u0131nda, elde edilen ki\u015fisel, verilerin do\u011frulanmas\u0131 amac\u0131yla ROIBLE ile payla\u015f\u0131lacakt\u0131r.<\/u><\/p>\n<p><b>R\u0131za G\u00f6stermeme ve Aboneli\u011fi Sonland\u0131rma Hakk\u0131<\/b><br \/>\nE\u011fer; mutad posta, e-posta, k\u0131sa mesaj, telefon veya herhangi ba\u015fka bir elektronik ara\u00e7 vas\u0131tas\u0131yla tan\u0131t\u0131c\u0131 bilgi veya genel olarak teklif almaya reddetmek veya izninizi iptal etmek isterseniz, her zaman [info@roible.com\u00a0], adresine konuya ili\u015fkin ba\u015fvurabilir ve bize e-posta g\u00f6nderebilirsiniz.<\/p>\n<p><b>Verilerin Saklanma S\u00fcresi<\/b><br \/>\nROIBLE ki\u015fisel verilerinizi, s\u00f6z konusu verilerin elde edilme ama\u00e7lar\u0131na uygun olan s\u00fcrece ve\/veya ilgili mevzuatta \u00f6ng\u00f6r\u00fclen belirli bir s\u00fcre dahilinde g\u00fcvenli ve korunmu\u015f bir ortamda saklayacakt\u0131r.<\/p>\n<p><b>Ki\u015fisel Verilerin G\u00fcvenli\u011fi<\/b><br \/>\nROIBLE ki\u015fisel verilerin gizlili\u011fi, g\u00fcvenli\u011fi ve b\u00fct\u00fcnl\u00fc\u011f\u00fcn\u00fc korumak i\u00e7in gerekli ve makul korumalar\u0131 sa\u011flamakta, s\u00f6z konusu verilerin herhangi bir kayba, suistimale ya da de\u011fi\u015fikli\u011fe kar\u015f\u0131 korunmas\u0131 i\u00e7in \u00e7ok \u00e7al\u0131\u015fmakta ve gerekli t\u00fcm \u00f6nlemleri almaktad\u0131r.<\/p>\n<p>Ki\u015fisel verilerinizi genel olarak ROIBLE veritabanlar\u0131nda ya da hizmet sa\u011flay\u0131c\u0131lar\u0131m\u0131z taraf\u0131ndan sa\u011flanan veritabanlar\u0131nda saklamaktay\u0131z. Bu veritabanlar\u0131n\u0131n bir\u00e7o\u011fu T\u00fcrkiye\u2019deki sunucularda saklanmaktad\u0131r. Kanunun gerektirdi\u011fi derecede, ki\u015fisel verilerinizin \u00fclkeniz d\u0131\u015f\u0131na aktar\u0131lacak olmas\u0131 halinde sizlere bu do\u011frultuda bildirimde bulunulacakt\u0131r.<\/p>\n<p>ROIBLE\u2019\u0131n, gerekli hizmeti size ula\u015ft\u0131rmak i\u00e7in bilgilerinize eri\u015fimi olan s\u00f6zle\u015fmesel ortaklar\u0131, s\u00f6zle\u015fmesel y\u00fck\u00fcml\u00fcl\u00fckleri \u00e7er\u00e7evesinde bu bilgileri gizli tutmak ve ba\u015fka herhangi ama\u00e7la kullanmamakla y\u00fck\u00fcml\u00fcd\u00fcr.<\/p>\n<p>Ki\u015fisel verilerinizi, kazara veya yasad\u0131\u015f\u0131 yok edilmelere, kay\u0131plara, de\u011fi\u015fimlere, bilgisayar a\u011f\u0131 \u00fczerinden veri aktar\u0131mlar\u0131 s\u0131ras\u0131nda olu\u015fabilecek kanuna ayk\u0131r\u0131 t\u00fcm yetkisiz kullan\u0131mlara, a\u00e7\u0131\u011fa \u00e7\u0131karmalara ve eri\u015fimlere ve di\u011fer \u015fekillerde olan i\u015flemlere ve k\u00f6t\u00fcye kullanmalara kar\u015f\u0131 korumak i\u00e7in teknik ve kurulu\u015fun gerektirdi\u011fi \u00f6l\u00e7\u00fclerde \u00f6nlemler al\u0131r\u0131z.<\/p>\n<p><b>Bilgi talep etme hakk\u0131<\/b><br \/>\nHakk\u0131n\u0131zda saklanm\u0131\u015f olan ki\u015fisel veriler, ilgili verinin \u00e7\u0131k\u0131\u015f noktas\u0131 veya ilgili verinin al\u0131c\u0131lar\u0131na ili\u015fkin olarak diledi\u011finiz zaman bilgilendirilme hakk\u0131na sahipsiniz. Saklanan ki\u015fisel veriler hakk\u0131nda bilgi, a\u015fa\u011f\u0131da yer alan \u0130leti\u015fim Bilgileri b\u00f6l\u00fcm\u00fcndeki ileti\u015fim detaylar\u0131n\u0131n kullan\u0131lmas\u0131yla elde edilir.<\/p>\n<p><b>D\u00fczeltme talep etme hakk\u0131<\/b><br \/>\nHakk\u0131n\u0131zda saklanan ki\u015fisel verileri do\u011frulama, ilgili verilere ek yapma, ilgili verileri silme veya engelleme hakk\u0131na sahipsiniz. Talebinizin taraf\u0131m\u0131za ula\u015fmas\u0131ndan itibaren d\u00f6rt hafta i\u00e7erisinde, talebinizin ne \u00f6l\u00e7\u00fcde kar\u0131\u015f\u0131laca\u011f\u0131na veya kar\u015f\u0131lan\u0131p kar\u015f\u0131lanamayaca\u011f\u0131na ili\u015fkin olarak taraf\u0131m\u0131zca bilgilendirileceksinizdir. Herhangi bir sebeple talebinizi kar\u015f\u0131layamad\u0131\u011f\u0131m\u0131z durumlarda, size bu durum sebepleri ile a\u00e7\u0131klanacakt\u0131r.<\/p>\n<p><b>Bilgilerin g\u00fcvenli\u011fi ve verinin b\u00fct\u00fcnl\u00fc\u011f\u00fc<\/b><br \/>\nKi\u015fisel verilerinizi, kazara veya yasad\u0131\u015f\u0131 yok edilmelere, kay\u0131plara, de\u011fi\u015fimlere, bilgisayar a\u011f\u0131 \u00fczerinden veri aktar\u0131mlar\u0131 s\u0131ras\u0131nda olu\u015fabilecek kanuna ayk\u0131r\u0131 t\u00fcm yetkisiz kullan\u0131mlara, a\u00e7\u0131\u011fa \u00e7\u0131karmalara ve eri\u015fimlere ve di\u011fer \u015fekillerde olan i\u015flemlere ve k\u00f6t\u00fcye kullanmalara kar\u015f\u0131 korumak i\u00e7in teknik ve kurulu\u015fun gerektirdi\u011fi \u00f6l\u00e7\u00fclerde \u00f6nlemler ald\u0131\u011f\u0131m\u0131z\u0131 teyit ederiz.<\/p>\n<p><b>Ki\u015fisel Veriler ve \u00c7ocuklar<\/b><br \/>\nWeb sitemizde yer alan hizmetler, \u00e7ocuklara y\u00f6nelik olarak d\u00fczenlenmemi\u015ftir. \u0130lgili mevzuat taraf\u0131ndan izin verilen durumlar hari\u00e7 olmak \u00fczere, \u00e7ocuklardan ya da \u00e7ocuklar hakk\u0131nda web siteleri \u00fczerinden bilerek ki\u015fisel veriler talep edilemez ya da elde edilemez.<\/p>\n<p><b>Gizlilik Politikam\u0131zdaki De\u011fi\u015fiklikler<\/b><br \/>\nROIBLE gizlilik ve veri koruma prensiplerini g\u00fcncel tutmak ve ilgili mevzuata uygun hale getirmek i\u00e7in Gizlilik Politikas\u0131nda \u00f6nceden haber vermeksizin de\u011fi\u015fiklikler yapma hakk\u0131n\u0131 sakl\u0131 tutar. Gizlilik Politikas\u0131n\u0131 de\u011fi\u015ftirmeye karar verdi\u011fimiz takdirde, de\u011fi\u015fen politika web sitemizde ilan edilecektir.<\/p>\n<p><b>Ki\u015fisel Verilere Eri\u015fim<\/b><br \/>\nKi\u015fisel verilerinizin i\u015flenmesi ile ilgili vermi\u015f oldu\u011funuz her t\u00fcrl\u00fc onaydan tamamen veya k\u0131smen feragat etme hakk\u0131n\u0131z bulunmaktad\u0131r. Ayr\u0131ca, ki\u015fisel verilerinizin i\u015flenip i\u015flenmedi\u011fini; hangi ki\u015fisel verilerin i\u015flendi\u011fini; i\u015flenme amac\u0131n\u0131 ve bunlar\u0131n amac\u0131na uygun kullan\u0131l\u0131p kullan\u0131lmad\u0131\u011f\u0131n\u0131; yurti\u00e7inde veya yurtd\u0131\u015f\u0131nda verilerin \u00fc\u00e7\u00fcnc\u00fc ki\u015filere aktar\u0131l\u0131p aktar\u0131lmad\u0131\u011f\u0131n\u0131 ve aktar\u0131ld\u0131lar ise bu \u00fc\u00e7\u00fcnc\u00fc ki\u015fileri ya da ki\u015fi kategorilerini \u00f6\u011frenmek; ki\u015fisel verilerin eksik veya yanl\u0131\u015f olmas\u0131 halinde bunlar\u0131n d\u00fczeltilmesini; de\u011fi\u015fmesi halinde g\u00fcncellenmesini; ilgili mevzuatta \u00f6ng\u00f6r\u00fclen hallerde ki\u015fisel verilerin silinmesi, yok edilmesi ya da anonim hale getirilmesini; d\u00fczeltme\/silme\/yok etme\/anonim hale getirme i\u015flemlerinin, bilgi vermenin imkans\u0131z olmamas\u0131 veya a\u015f\u0131r\u0131 g\u00fc\u00e7l\u00fcklere neden olmamas\u0131 \u015fart\u0131yla ki\u015fisel verilerin aktar\u0131ld\u0131\u011f\u0131 \u00fc\u00e7\u00fcnc\u00fc ki\u015filere bildirilmesini talep etmek; i\u015flenen ki\u015fisel verilerin analiz edilmesi suretiyle aleyhinize bir sonucun ortaya \u00e7\u0131kmas\u0131na itiraz etmek ve ki\u015fisel verilerin mevzuata ayk\u0131r\u0131 olarak i\u015flenmesi sebebiyle zarara u\u011framas\u0131 halinde zarar\u0131n giderimini istemek hakk\u0131n\u0131z, ROIBLE\u2019\u0131n mevzuattan ve i\u015fbu Gizlilik Politikas\u0131ndan do\u011fan haklar\u0131 sakl\u0131 kalmak \u00fczere, bulunmaktad\u0131r.<\/p>\n<p>Bununla birlikte makul olmayacak d\u00fczeyde yinelenen, orant\u0131s\u0131z d\u00fczeyde teknik \u00e7aba gerektiren, ba\u015fkalar\u0131n\u0131n gizlili\u011fini tehlikeye atan veya ba\u015fka \u015fekilde a\u015f\u0131r\u0131 derecede zor olan istekleri reddetme hakk\u0131m\u0131z\u0131n sakl\u0131 oldu\u011funu belirtmek isteriz.<\/p>\n<p><b>Taraf\u0131m\u0131zdan Yap\u0131lan Web Analizleri web sitemizi ziyaret etti\u011finizde taray\u0131c\u0131 ayarlar\u0131n\u0131z\u0131n \u00e7erezlere izin vermedi\u011fi durumlar hari\u00e7 olmak \u00fczere, bir \u00e7erezin bilgisayar\u0131n\u0131zda veya mobil cihaz\u0131n\u0131zda saklanaca\u011f\u0131 anlam\u0131na gelir. Ayr\u0131ca bu durumda, web sitemizi veya (mobil) uygulamalar\u0131m\u0131z\u0131 ziyaret etti\u011finizde \u201cveri t\u0131klama dizisi\u201d, \u201cweb sinyalleri (web beacons)\u201d nden elde edilen veriler analiz edilecektir.<\/b><\/p>\n<p><b>\u0130rtibat Bilgileri<\/b>\u00a0Bu Gizlilik Politikas\u0131 kapsam\u0131nda yer alan hususlarla ilgili ya da Ki\u015fisel Verilerin ROIBLE taraf\u0131ndan nas\u0131l i\u015flendi\u011fiyle ilgili sorular\u0131n\u0131z veya taleplerinizi [info@roible.com] e-posta adresinden bize yaz\u0131l\u0131 olarak iletebilir veya merkezi telefonundan bilgi alabilirsiniz.<\/p>\n<p><b>HARDLANCER TEKNOLOJ\u0130 L\u0130M\u0130TED \u015e\u0130RKET\u0130<\/b><\/p>\n<p>Adres : Z\u00fcht\u00fcpa\u015fa Mah. Ba\u011fdat Cad. Yola\u00e7 Plaza No:32\/304 Kad\u0131k\u00f6y \/ \u0130stanbul \u2013 T\u00dcRK\u0130YE<br \/>\nTelefon : 0216 606 15 28<br \/>\nE-posta adresi :<a href=\"mailto:info@roible.com\"><u>\u00a0info@roible.com<\/u><\/a><br \/>\nWeb sitesi :<a href=\"https:\/\/roible.com\/tr\/\" target=\"\" rel=\"noopener noreferrer\">https:\/\/roible.com\/<\/a><\/p>\n","protected":false},"excerpt":{"rendered":"<p>ROIBLE olarak web sitemizi ziyaret eden ve bizimle elektronik olarak ileti\u015fim kuran herkesin ki\u015fisel verilerine sayg\u0131 g\u00f6steriyoruz. Web sitemizin ziyaret edilmesi s\u0131ras\u0131nda otomatik veya otomatik olmayan y\u00f6ntemlerle kaydetti\u011fimiz ve elektronik olarak bizimle payla\u015ft\u0131\u011f\u0131n\u0131z ki\u015fisel verileriniz, \u00f6ncelikle taleplerinizin yerine getirilmesini temin edebilmek, daha sonra ise ROIBLE olarak size daha iyi hizmet sunmak amac\u0131yla kullan\u0131lacakt\u0131r. Ayr\u0131ca ROIBLE [&hellip;]<\/p>\n","protected":false},"author":1,"featured_media":0,"parent":0,"menu_order":0,"comment_status":"closed","ping_status":"closed","template":"","meta":{"footnotes":""},"class_list":["post-27757","page","type-page","status-publish","hentry"],"_links":{"self":[{"href":"https:\/\/roible.com\/tr\/wp-json\/wp\/v2\/pages\/27757","targetHints":{"allow":["GET"]}}],"collection":[{"href":"https:\/\/roible.com\/tr\/wp-json\/wp\/v2\/pages"}],"about":[{"href":"https:\/\/roible.com\/tr\/wp-json\/wp\/v2\/types\/page"}],"author":[{"embeddable":true,"href":"https:\/\/roible.com\/tr\/wp-json\/wp\/v2\/users\/1"}],"replies":[{"embeddable":true,"href":"https:\/\/roible.com\/tr\/wp-json\/wp\/v2\/comments?post=27757"}],"version-history":[{"count":0,"href":"https:\/\/roible.com\/tr\/wp-json\/wp\/v2\/pages\/27757\/revisions"}],"wp:attachment":[{"href":"https:\/\/roible.com\/tr\/wp-json\/wp\/v2\/media?parent=27757"}],"curies":[{"name":"wp","href":"https:\/\/api.w.org\/{rel}","templated":true}]}}