{"id":27672,"date":"2024-06-19T20:06:53","date_gmt":"2024-06-19T20:06:53","guid":{"rendered":"https:\/\/roible.com\/?page_id=27672"},"modified":"2024-06-21T23:04:25","modified_gmt":"2024-06-21T23:04:25","slug":"kulturumuz","status":"publish","type":"page","link":"https:\/\/roible.com\/tr\/kulturumuz\/","title":{"rendered":"K\u00fclt\u00fcr\u00fcm\u00fcz"},"content":{"rendered":"\t\t<div data-elementor-type=\"wp-page\" data-elementor-id=\"27672\" class=\"elementor elementor-27672\">\n\t\t\t\t<div class=\"elementor-element elementor-element-203cce2 e-flex e-con-boxed e-con e-parent\" data-id=\"203cce2\" data-element_type=\"container\" data-e-type=\"container\" data-settings=\"{&quot;background_background&quot;:&quot;classic&quot;}\">\n\t\t\t\t\t<div class=\"e-con-inner\">\n\t\t<div class=\"elementor-element elementor-element-6835f963 e-con-full e-flex e-con e-child\" data-id=\"6835f963\" data-element_type=\"container\" data-e-type=\"container\">\n\t\t<div class=\"elementor-element elementor-element-429b7f5d e-con-full e-flex e-con e-child\" data-id=\"429b7f5d\" data-element_type=\"container\" data-e-type=\"container\">\n\t\t\t\t<div class=\"elementor-element elementor-element-2e3e288b animated-fast elementor-invisible elementor-widget elementor-widget-elementskit-heading\" data-id=\"2e3e288b\" data-element_type=\"widget\" data-e-type=\"widget\" data-settings=\"{&quot;_animation&quot;:&quot;fadeIn&quot;,&quot;ekit_we_effect_on&quot;:&quot;css&quot;,&quot;_animation_delay&quot;:100}\" data-widget_type=\"elementskit-heading.default\">\n\t\t\t\t<div class=\"elementor-widget-container\">\n\t\t\t\t\t<div class=\"ekit-wid-con\" ><div class=\"ekit-heading elementskit-section-title-wraper text_center   ekit_heading_tablet-   ekit_heading_mobile-text_center\"><h6 class=\"elementskit-section-subtitle   ekit-heading__subtitle-has-border\">\n\t\t\t\t\t\tK\u00fclt\u00fcr\u00fcm\u00fcz\n\t\t\t\t\t<\/h6><h2 class=\"ekit-heading--title elementskit-section-title \">Bizi biz yapan \u00e7al\u0131\u015fma k\u00fclt\u00fcr\u00fcm\u00fczd\u00fcr<\/h2>\t\t\t\t<div class='ekit-heading__description'>\n\t\t\t\t\t<p>Birliktelik; kolektif \u00e7abalar\u0131m\u0131z\u0131, projeleri d\u00f6n\u00fc\u015ft\u00fcr\u00fcr, i\u015fletmeleri b\u00fcy\u00fct\u00fcr ve ekip arkada\u015flar\u0131m\u0131z\u0131 olumlu bir \u015fekilde geli\u015ftirir.<\/p>\n\t\t\t\t<\/div>\n\t\t\t<\/div><\/div>\t\t\t\t<\/div>\n\t\t\t\t<\/div>\n\t\t\t\t<div class=\"elementor-element elementor-element-ae9acc5 elementor-widget elementor-widget-elementskit-breadcrumb\" data-id=\"ae9acc5\" data-element_type=\"widget\" data-e-type=\"widget\" data-settings=\"{&quot;ekit_we_effect_on&quot;:&quot;none&quot;}\" data-widget_type=\"elementskit-breadcrumb.default\">\n\t\t\t\t<div class=\"elementor-widget-container\">\n\t\t\t\t\t<div class=\"ekit-wid-con\" ><ol class=\"ekit-breadcrumb\"><li class=\"ekit_breadcrumbs_start\"><a href=\"https:\/\/roible.com\/tr\/\">Home<\/a><\/li><\/ol><\/div>\t\t\t\t<\/div>\n\t\t\t\t<\/div>\n\t\t\t\t<\/div>\n\t\t\t\t<\/div>\n\t\t<div class=\"elementor-element elementor-element-119769dc e-con-full e-flex e-con e-child\" data-id=\"119769dc\" data-element_type=\"container\" data-e-type=\"container\">\n\t\t<div class=\"elementor-element elementor-element-b3523f2 e-con-full elementor-hidden-tablet e-flex e-con e-child\" data-id=\"b3523f2\" data-element_type=\"container\" data-e-type=\"container\">\n\t\t\t\t<div class=\"elementor-element elementor-element-5213f0ce animated-fast elementor-invisible elementor-widget elementor-widget-image\" data-id=\"5213f0ce\" data-element_type=\"widget\" data-e-type=\"widget\" data-settings=\"{&quot;_animation&quot;:&quot;fadeInUp&quot;,&quot;_animation_delay&quot;:100,&quot;ekit_we_effect_on&quot;:&quot;none&quot;}\" data-widget_type=\"image.default\">\n\t\t\t\t<div class=\"elementor-widget-container\">\n\t\t\t\t\t\t\t\t\t\t\t\t\t\t\t<img fetchpriority=\"high\" decoding=\"async\" width=\"768\" height=\"1024\" src=\"https:\/\/roible.com\/wp-content\/uploads\/2024\/06\/roible-team-on-event.webp\" class=\"attachment-full size-full wp-image-27577\" alt=\"roible etkinlik kat\u0131l\u0131mlar\u0131\" srcset=\"https:\/\/roible.com\/wp-content\/uploads\/2024\/06\/roible-team-on-event.webp 768w, https:\/\/roible.com\/wp-content\/uploads\/2024\/06\/roible-team-on-event-225x300.webp 225w, https:\/\/roible.com\/wp-content\/uploads\/2024\/06\/roible-team-on-event-710x947.webp 710w\" sizes=\"(max-width: 768px) 100vw, 768px\" \/>\t\t\t\t\t\t\t\t\t\t\t\t\t\t\t<\/div>\n\t\t\t\t<\/div>\n\t\t\t\t<div class=\"elementor-element elementor-element-9079910 animated-fast elementor-invisible elementor-widget elementor-widget-image\" data-id=\"9079910\" data-element_type=\"widget\" data-e-type=\"widget\" data-settings=\"{&quot;_animation&quot;:&quot;fadeInUp&quot;,&quot;_animation_delay&quot;:100,&quot;ekit_we_effect_on&quot;:&quot;none&quot;}\" data-widget_type=\"image.default\">\n\t\t\t\t<div class=\"elementor-widget-container\">\n\t\t\t\t\t\t\t\t\t\t\t\t\t\t\t<img decoding=\"async\" width=\"1024\" height=\"768\" src=\"https:\/\/roible.com\/wp-content\/uploads\/2024\/06\/roible-team-mexican-food.webp\" class=\"attachment-full size-full wp-image-27581\" alt=\"roible ekibi meksika restoran\u0131nda\" srcset=\"https:\/\/roible.com\/wp-content\/uploads\/2024\/06\/roible-team-mexican-food.webp 1024w, https:\/\/roible.com\/wp-content\/uploads\/2024\/06\/roible-team-mexican-food-300x225.webp 300w, https:\/\/roible.com\/wp-content\/uploads\/2024\/06\/roible-team-mexican-food-768x576.webp 768w, https:\/\/roible.com\/wp-content\/uploads\/2024\/06\/roible-team-mexican-food-710x533.webp 710w\" sizes=\"(max-width: 1024px) 100vw, 1024px\" \/>\t\t\t\t\t\t\t\t\t\t\t\t\t\t\t<\/div>\n\t\t\t\t<\/div>\n\t\t\t\t<\/div>\n\t\t<div class=\"elementor-element elementor-element-2e796b9c e-con-full elementor-hidden-tablet e-flex e-con e-child\" data-id=\"2e796b9c\" data-element_type=\"container\" data-e-type=\"container\">\n\t\t\t\t<div class=\"elementor-element elementor-element-6b0a49b1 animated-fast elementor-invisible elementor-widget elementor-widget-image\" data-id=\"6b0a49b1\" data-element_type=\"widget\" data-e-type=\"widget\" data-settings=\"{&quot;_animation&quot;:&quot;fadeInUp&quot;,&quot;_animation_delay&quot;:200,&quot;ekit_we_effect_on&quot;:&quot;none&quot;}\" data-widget_type=\"image.default\">\n\t\t\t\t<div class=\"elementor-widget-container\">\n\t\t\t\t\t\t\t\t\t\t\t\t\t\t\t<img decoding=\"async\" width=\"1024\" height=\"768\" src=\"https:\/\/roible.com\/wp-content\/uploads\/2024\/06\/roible-team-dinners.webp\" class=\"attachment-full size-full wp-image-27579\" alt=\"roible ekibi ak\u015fam yeme\u011finde\" srcset=\"https:\/\/roible.com\/wp-content\/uploads\/2024\/06\/roible-team-dinners.webp 1024w, https:\/\/roible.com\/wp-content\/uploads\/2024\/06\/roible-team-dinners-300x225.webp 300w, https:\/\/roible.com\/wp-content\/uploads\/2024\/06\/roible-team-dinners-768x576.webp 768w, https:\/\/roible.com\/wp-content\/uploads\/2024\/06\/roible-team-dinners-710x533.webp 710w\" sizes=\"(max-width: 1024px) 100vw, 1024px\" \/>\t\t\t\t\t\t\t\t\t\t\t\t\t\t\t<\/div>\n\t\t\t\t<\/div>\n\t\t\t\t<div class=\"elementor-element elementor-element-59537fa3 animated-fast elementor-invisible elementor-widget elementor-widget-image\" data-id=\"59537fa3\" data-element_type=\"widget\" data-e-type=\"widget\" data-settings=\"{&quot;_animation&quot;:&quot;fadeInUp&quot;,&quot;_animation_delay&quot;:200,&quot;ekit_we_effect_on&quot;:&quot;none&quot;}\" data-widget_type=\"image.default\">\n\t\t\t\t<div class=\"elementor-widget-container\">\n\t\t\t\t\t\t\t\t\t\t\t\t\t\t\t<img loading=\"lazy\" decoding=\"async\" width=\"1024\" height=\"768\" src=\"https:\/\/roible.com\/wp-content\/uploads\/2024\/06\/roible-team-culture.webp\" class=\"attachment-full size-full wp-image-27583\" alt=\"roible ekibi y\u0131lba\u015f\u0131\" srcset=\"https:\/\/roible.com\/wp-content\/uploads\/2024\/06\/roible-team-culture.webp 1024w, https:\/\/roible.com\/wp-content\/uploads\/2024\/06\/roible-team-culture-300x225.webp 300w, https:\/\/roible.com\/wp-content\/uploads\/2024\/06\/roible-team-culture-768x576.webp 768w, https:\/\/roible.com\/wp-content\/uploads\/2024\/06\/roible-team-culture-710x533.webp 710w\" sizes=\"(max-width: 1024px) 100vw, 1024px\" \/>\t\t\t\t\t\t\t\t\t\t\t\t\t\t\t<\/div>\n\t\t\t\t<\/div>\n\t\t\t\t<div class=\"elementor-element elementor-element-ef34b6c animated-fast elementor-invisible elementor-widget elementor-widget-image\" data-id=\"ef34b6c\" data-element_type=\"widget\" data-e-type=\"widget\" data-settings=\"{&quot;_animation&quot;:&quot;fadeInUp&quot;,&quot;_animation_delay&quot;:200,&quot;ekit_we_effect_on&quot;:&quot;none&quot;}\" data-widget_type=\"image.default\">\n\t\t\t\t<div class=\"elementor-widget-container\">\n\t\t\t\t\t\t\t\t\t\t\t\t\t\t\t<img loading=\"lazy\" decoding=\"async\" width=\"1024\" height=\"768\" src=\"https:\/\/roible.com\/wp-content\/uploads\/2024\/06\/roible-team-dinner.webp\" class=\"attachment-full size-full wp-image-27585\" alt=\"roible ekibi\" srcset=\"https:\/\/roible.com\/wp-content\/uploads\/2024\/06\/roible-team-dinner.webp 1024w, https:\/\/roible.com\/wp-content\/uploads\/2024\/06\/roible-team-dinner-300x225.webp 300w, https:\/\/roible.com\/wp-content\/uploads\/2024\/06\/roible-team-dinner-768x576.webp 768w, https:\/\/roible.com\/wp-content\/uploads\/2024\/06\/roible-team-dinner-710x533.webp 710w\" sizes=\"(max-width: 1024px) 100vw, 1024px\" \/>\t\t\t\t\t\t\t\t\t\t\t\t\t\t\t<\/div>\n\t\t\t\t<\/div>\n\t\t\t\t<\/div>\n\t\t<div class=\"elementor-element elementor-element-305c43a e-con-full e-flex e-con e-child\" data-id=\"305c43a\" data-element_type=\"container\" data-e-type=\"container\">\n\t\t\t\t<div class=\"elementor-element elementor-element-47422e0e animated-fast ekit-equal-height-disable elementor-invisible elementor-widget elementor-widget-elementskit-icon-box\" data-id=\"47422e0e\" data-element_type=\"widget\" data-e-type=\"widget\" data-settings=\"{&quot;_animation&quot;:&quot;fadeInUp&quot;,&quot;_animation_delay&quot;:100,&quot;ekit_we_effect_on&quot;:&quot;none&quot;}\" data-widget_type=\"elementskit-icon-box.default\">\n\t\t\t\t<div class=\"elementor-widget-container\">\n\t\t\t\t\t<div class=\"ekit-wid-con\" >        <!-- link opening -->\n                <!-- end link opening -->\n\n        <div class=\"elementskit-infobox text-left text- icon-lef-right-aligin elementor-animation-   \">\n                        <div class=\"box-body\">\n                            <h4 class=\"elementskit-info-box-title\">\n                    S\u00fcrekli \u00d6\u011freniriz                <\/h4>\n                        \t\t  \t<p>Mesai saatlerinde yo\u011fun ve katma de\u011ferli bir i\u015f hayat\u0131m\u0131z var. Bu hem kariyer geli\u015fiminizi destekler hem de i\u015f tatmininizi en \u00fcst d\u00fczeye \u00e7\u0131kar\u0131r.<\/p>\n                                <\/div>\n        \n        \n                <\/div>\n        <\/div>\t\t\t\t<\/div>\n\t\t\t\t<\/div>\n\t\t\t\t<div class=\"elementor-element elementor-element-866d1e1 animated-fast ekit-equal-height-disable elementor-invisible elementor-widget elementor-widget-elementskit-icon-box\" data-id=\"866d1e1\" data-element_type=\"widget\" data-e-type=\"widget\" data-settings=\"{&quot;_animation&quot;:&quot;fadeInUp&quot;,&quot;_animation_delay&quot;:200,&quot;ekit_we_effect_on&quot;:&quot;none&quot;}\" data-widget_type=\"elementskit-icon-box.default\">\n\t\t\t\t<div class=\"elementor-widget-container\">\n\t\t\t\t\t<div class=\"ekit-wid-con\" >        <!-- link opening -->\n                <!-- end link opening -->\n\n        <div class=\"elementskit-infobox text-left text- icon-lef-right-aligin elementor-animation-   \">\n                        <div class=\"box-body\">\n                            <h4 class=\"elementskit-info-box-title\">\n                    G\u00fczel Anlar Biriktiririz                <\/h4>\n                        \t\t  \t<p>G\u00fczel anlar\u0131 biriktirmeyi seven bir do\u011fam\u0131z var. Bu herhangi bir etkinlik, davet ve hatta bir hediye olabilir.<\/p>\n                                <\/div>\n        \n        \n                <\/div>\n        <\/div>\t\t\t\t<\/div>\n\t\t\t\t<\/div>\n\t\t\t\t<div class=\"elementor-element elementor-element-3a92f610 animated-fast ekit-equal-height-disable elementor-invisible elementor-widget elementor-widget-elementskit-icon-box\" data-id=\"3a92f610\" data-element_type=\"widget\" data-e-type=\"widget\" data-settings=\"{&quot;_animation&quot;:&quot;fadeInUp&quot;,&quot;_animation_delay&quot;:300,&quot;ekit_we_effect_on&quot;:&quot;none&quot;}\" data-widget_type=\"elementskit-icon-box.default\">\n\t\t\t\t<div class=\"elementor-widget-container\">\n\t\t\t\t\t<div class=\"ekit-wid-con\" >        <!-- link opening -->\n                <!-- end link opening -->\n\n        <div class=\"elementskit-infobox text-left text- icon-lef-right-aligin elementor-animation-   \">\n                        <div class=\"box-body\">\n                            <h4 class=\"elementskit-info-box-title\">\n                    Rahat \u00c7al\u0131\u015fmay\u0131 Severiz                <\/h4>\n                        \t\t  \t<p>Asl\u0131na bakarsan\u0131z ger\u00e7ekten yo\u011fun \u00e7al\u0131\u015f\u0131yoruz. Fakat bu rahat olmad\u0131\u011f\u0131m\u0131z anlam\u0131na gelmesin sak\u0131n. \ud83d\ude42 Rahat\u00e7a \u00e7al\u0131\u015fabilece\u011fimiz ortam\u0131 kendimiz tasarl\u0131yoruz.<\/p>\n                                <\/div>\n        \n        \n                <\/div>\n        <\/div>\t\t\t\t<\/div>\n\t\t\t\t<\/div>\n\t\t\t\t<\/div>\n\t\t\t\t<\/div>\n\t\t\t\t\t<\/div>\n\t\t\t\t<\/div>\n\t\t<div class=\"elementor-element elementor-element-14405a51 e-flex e-con-boxed e-con e-parent\" data-id=\"14405a51\" data-element_type=\"container\" data-e-type=\"container\" data-settings=\"{&quot;background_background&quot;:&quot;classic&quot;}\">\n\t\t\t\t\t<div class=\"e-con-inner\">\n\t\t<div class=\"elementor-element elementor-element-645b6c69 e-con-full e-flex e-con e-child\" data-id=\"645b6c69\" data-element_type=\"container\" data-e-type=\"container\">\n\t\t<div class=\"elementor-element elementor-element-4054dde5 e-con-full animated-fast e-flex elementor-invisible e-con e-child\" data-id=\"4054dde5\" data-element_type=\"container\" data-e-type=\"container\" data-settings=\"{&quot;background_background&quot;:&quot;classic&quot;,&quot;animation_delay&quot;:100,&quot;animation&quot;:&quot;fadeInUp&quot;}\">\n\t\t<div class=\"elementor-element elementor-element-44e329e0 e-con-full e-flex e-con e-child\" data-id=\"44e329e0\" data-element_type=\"container\" data-e-type=\"container\">\n\t\t\t\t<div class=\"elementor-element elementor-element-770d0b51 animated-fast elementor-invisible elementor-widget elementor-widget-elementskit-heading\" data-id=\"770d0b51\" data-element_type=\"widget\" data-e-type=\"widget\" data-settings=\"{&quot;_animation&quot;:&quot;fadeIn&quot;,&quot;_animation_delay&quot;:200,&quot;ekit_we_effect_on&quot;:&quot;none&quot;}\" data-widget_type=\"elementskit-heading.default\">\n\t\t\t\t<div class=\"elementor-widget-container\">\n\t\t\t\t\t<div class=\"ekit-wid-con\" ><div class=\"ekit-heading elementskit-section-title-wraper text_left   ekit_heading_tablet-   ekit_heading_mobile-text_left\"><h6 class=\"elementskit-section-subtitle   ekit-heading__subtitle-has-border\">\n\t\t\t\t\t\tEkibimize Kat\u0131l\u0131n\n\t\t\t\t\t<\/h6><h2 class=\"ekit-heading--title elementskit-section-title \">Harika bir yer mi ar\u0131yorsunuz?<\/h2>\t\t\t\t<div class='ekit-heading__description'>\n\t\t\t\t\t<p>\u015eimdi ba\u015fvurun ve sekt\u00f6rde de\u011fi\u015fime \u00f6nc\u00fcl\u00fck etmeye kendini adam\u0131\u015f yenilik\u00e7i ekibimizin bir par\u00e7as\u0131 olun.<\/p>\n\t\t\t\t<\/div>\n\t\t\t<\/div><\/div>\t\t\t\t<\/div>\n\t\t\t\t<\/div>\n\t\t\t\t<div class=\"elementor-element elementor-element-35eeaae6 elementor-align-left animated-fast elementor-widget__width-auto elementor-invisible elementor-widget elementor-widget-elementskit-button\" data-id=\"35eeaae6\" data-element_type=\"widget\" data-e-type=\"widget\" data-settings=\"{&quot;_animation&quot;:&quot;pulse&quot;,&quot;_animation_delay&quot;:300,&quot;ekit_we_effect_on&quot;:&quot;none&quot;}\" data-widget_type=\"elementskit-button.default\">\n\t\t\t\t<div class=\"elementor-widget-container\">\n\t\t\t\t\t<div class=\"ekit-wid-con\" >\t\t<div class=\"ekit-btn-wraper\">\n\t\t\t\t\t\t\t<a href=\"https:\/\/www.linkedin.com\/company\/roible\/jobs\/\" target=\"_blank\" rel=\"nofollow noopener\" class=\"elementskit-btn  whitespace--normal\" id=\"\">\n\t\t\t\t\tA\u00e7\u0131k pozisyonlar\u0131 g\u00f6r\u00fcn\t\t\t\t<\/a>\n\t\t\t\t\t<\/div>\n        <\/div>\t\t\t\t<\/div>\n\t\t\t\t<\/div>\n\t\t\t\t<\/div>\n\t\t<div class=\"elementor-element elementor-element-5efd3dda e-con-full e-flex e-con e-child\" data-id=\"5efd3dda\" data-element_type=\"container\" data-e-type=\"container\">\n\t\t\t\t<div class=\"elementor-element elementor-element-2a7147f1 keydesign-h5 animated-fast elementor-widget-mobile__width-inherit elementor-invisible elementor-widget elementor-widget-elementskit-stylish-list\" data-id=\"2a7147f1\" data-element_type=\"widget\" data-e-type=\"widget\" data-settings=\"{&quot;_animation&quot;:&quot;fadeInUp&quot;,&quot;_animation_delay&quot;:200,&quot;ekit_we_effect_on&quot;:&quot;none&quot;}\" data-widget_type=\"elementskit-stylish-list.default\">\n\t\t\t\t<div class=\"elementor-widget-container\">\n\t\t\t\t\t<div class=\"ekit-wid-con\">\t\t<ul class=\"ekit-stylish-list \" >\n\t\t\t\t\t\t\t<li class=\"ekit-stylish-list-content-wrapper elementor-repeater-item-9176c3a\" >\n\t\t\t\t\t\t\t\t\t\t\t<a class=\"ekit-wrapper-link\" href=\"https:\/\/www.linkedin.com\/company\/roible\/jobs\/\" target=\"_blank\" rel=\"nofollow noopener\" aria-label=\"SEO Executive\"><\/a>\n\t\t\t\t\t\t\t\t\t\t<div class=\"ekit-stylish-list-content\">\n\t\t\t\t\t\t\t\t\t\t\t\t\t\t\t\t\t\t\t<div class=\"ekit-stylish-list-content-icon\">\n\t\t\t\t\t\t\t\t<i aria-hidden=\"true\" class=\"fas fa-arrow-right\"><\/i>\t\t\t\t\t\t\t<\/div>\n\t\t\t\t\t\t\t\t\t\t\t\t\t\t\t\t\t\t<div class=\"ekit-stylish-list-content-text\">\n\t\t\t\t\t\t\t<span class=\"ekit-stylish-list-content-title\">SEO Executive<\/span>\n\t\t\t\t\t\t\t\t\t\t\t\t\t\t\t<span class=\"ekit-stylish-list-content-description\">K\u0131demli uzmanlar i\u00e7in<\/span>\n\t\t\t\t\t\t\t\t\t\t\t\t\t<\/div>\n\t\t\t\t\t\t\t\t\t\t\t<\/div>\n\t\t\t\t<\/li>\n\t\t\t\t\t\t\t\t\t\t\t<li class=\"ekit-stylish-list-content-wrapper elementor-repeater-item-3eecc8a\" >\n\t\t\t\t\t\t\t\t\t\t\t<a class=\"ekit-wrapper-link\" href=\"https:\/\/www.linkedin.com\/company\/roible\/jobs\/\" target=\"_blank\" rel=\"nofollow noopener\" aria-label=\"SEO Editor\"><\/a>\n\t\t\t\t\t\t\t\t\t\t<div class=\"ekit-stylish-list-content\">\n\t\t\t\t\t\t\t\t\t\t\t\t\t\t\t\t\t\t\t<div class=\"ekit-stylish-list-content-icon\">\n\t\t\t\t\t\t\t\t<i aria-hidden=\"true\" class=\"fas fa-arrow-right\"><\/i>\t\t\t\t\t\t\t<\/div>\n\t\t\t\t\t\t\t\t\t\t\t\t\t\t\t\t\t\t<div class=\"ekit-stylish-list-content-text\">\n\t\t\t\t\t\t\t<span class=\"ekit-stylish-list-content-title\">SEO Editor<\/span>\n\t\t\t\t\t\t\t\t\t\t\t\t\t\t\t<span class=\"ekit-stylish-list-content-description\">SEO uyumlu i\u00e7erik uzmanlar\u0131<\/span>\n\t\t\t\t\t\t\t\t\t\t\t\t\t<\/div>\n\t\t\t\t\t\t\t\t\t\t\t<\/div>\n\t\t\t\t<\/li>\n\t\t\t\t\t\t\t\t\t\t\t<li class=\"ekit-stylish-list-content-wrapper elementor-repeater-item-e2f9dd2\" >\n\t\t\t\t\t\t\t\t\t\t\t<a class=\"ekit-wrapper-link\" href=\"https:\/\/www.linkedin.com\/company\/roible\/jobs\/\" target=\"_blank\" rel=\"nofollow noopener\" aria-label=\"SEO Stajyeri\"><\/a>\n\t\t\t\t\t\t\t\t\t\t<div class=\"ekit-stylish-list-content\">\n\t\t\t\t\t\t\t\t\t\t\t\t\t\t\t\t\t\t\t<div class=\"ekit-stylish-list-content-icon\">\n\t\t\t\t\t\t\t\t<i aria-hidden=\"true\" class=\"fas fa-arrow-right\"><\/i>\t\t\t\t\t\t\t<\/div>\n\t\t\t\t\t\t\t\t\t\t\t\t\t\t\t\t\t\t<div class=\"ekit-stylish-list-content-text\">\n\t\t\t\t\t\t\t<span class=\"ekit-stylish-list-content-title\">SEO Stajyeri<\/span>\n\t\t\t\t\t\t\t\t\t\t\t\t\t\t\t<span class=\"ekit-stylish-list-content-description\">\u0130yi bir ba\u015flang\u0131\u00e7 yap\u0131n.<\/span>\n\t\t\t\t\t\t\t\t\t\t\t\t\t<\/div>\n\t\t\t\t\t\t\t\t\t\t\t<\/div>\n\t\t\t\t<\/li>\n\t\t\t\t\t\t\t\t\t\t\t<li class=\"ekit-stylish-list-content-wrapper elementor-repeater-item-208b9fe\" >\n\t\t\t\t\t\t\t\t\t\t\t<a class=\"ekit-wrapper-link\" href=\"https:\/\/www.linkedin.com\/company\/roible\/jobs\/\" target=\"_blank\" rel=\"nofollow noopener\" aria-label=\"Genel Ba\u015fvuru\"><\/a>\n\t\t\t\t\t\t\t\t\t\t<div class=\"ekit-stylish-list-content\">\n\t\t\t\t\t\t\t\t\t\t\t\t\t\t\t\t\t\t\t<div class=\"ekit-stylish-list-content-icon\">\n\t\t\t\t\t\t\t\t<i aria-hidden=\"true\" class=\"fas fa-arrow-right\"><\/i>\t\t\t\t\t\t\t<\/div>\n\t\t\t\t\t\t\t\t\t\t\t\t\t\t\t\t\t\t<div class=\"ekit-stylish-list-content-text\">\n\t\t\t\t\t\t\t<span class=\"ekit-stylish-list-content-title\">Genel Ba\u015fvuru<\/span>\n\t\t\t\t\t\t\t\t\t\t\t\t\t\t\t<span class=\"ekit-stylish-list-content-description\">F\u0131rsatlar\u0131 bekleyin<\/span>\n\t\t\t\t\t\t\t\t\t\t\t\t\t<\/div>\n\t\t\t\t\t\t\t\t\t\t\t\t\t<div class=\"ekit-stylish-list-content-badge\">\n\t\t\t\t\t\t\t\t<span class=\"elementor-inline-editing\">Open<\/span>\n\t\t\t\t\t\t\t<\/div>\n\t\t\t\t\t\t\t\t\t\t\t<\/div>\n\t\t\t\t<\/li>\n\t\t\t\t\t\t\t\t\t<\/ul>\n\t<\/div>\t\t\t\t<\/div>\n\t\t\t\t<\/div>\n\t\t\t\t<\/div>\n\t\t\t\t<\/div>\n\t\t\t\t<\/div>\n\t\t\t\t\t<\/div>\n\t\t\t\t<\/div>\n\t\t\t\t<\/div>\n\t\t","protected":false},"excerpt":{"rendered":"<p>K\u00fclt\u00fcr\u00fcm\u00fcz Bizi biz yapan \u00e7al\u0131\u015fma k\u00fclt\u00fcr\u00fcm\u00fczd\u00fcr Birliktelik; kolektif \u00e7abalar\u0131m\u0131z\u0131, projeleri d\u00f6n\u00fc\u015ft\u00fcr\u00fcr, i\u015fletmeleri b\u00fcy\u00fct\u00fcr ve ekip arkada\u015flar\u0131m\u0131z\u0131 olumlu bir \u015fekilde geli\u015ftirir. Home S\u00fcrekli \u00d6\u011freniriz Mesai saatlerinde yo\u011fun ve katma de\u011ferli bir i\u015f hayat\u0131m\u0131z var. Bu hem kariyer geli\u015fiminizi destekler hem de i\u015f tatmininizi en \u00fcst d\u00fczeye \u00e7\u0131kar\u0131r. G\u00fczel Anlar Biriktiririz G\u00fczel anlar\u0131 biriktirmeyi seven bir do\u011fam\u0131z [&hellip;]<\/p>\n","protected":false},"author":1,"featured_media":0,"parent":0,"menu_order":0,"comment_status":"closed","ping_status":"closed","template":"","meta":{"footnotes":""},"class_list":["post-27672","page","type-page","status-publish","hentry"],"_links":{"self":[{"href":"https:\/\/roible.com\/tr\/wp-json\/wp\/v2\/pages\/27672","targetHints":{"allow":["GET"]}}],"collection":[{"href":"https:\/\/roible.com\/tr\/wp-json\/wp\/v2\/pages"}],"about":[{"href":"https:\/\/roible.com\/tr\/wp-json\/wp\/v2\/types\/page"}],"author":[{"embeddable":true,"href":"https:\/\/roible.com\/tr\/wp-json\/wp\/v2\/users\/1"}],"replies":[{"embeddable":true,"href":"https:\/\/roible.com\/tr\/wp-json\/wp\/v2\/comments?post=27672"}],"version-history":[{"count":0,"href":"https:\/\/roible.com\/tr\/wp-json\/wp\/v2\/pages\/27672\/revisions"}],"wp:attachment":[{"href":"https:\/\/roible.com\/tr\/wp-json\/wp\/v2\/media?parent=27672"}],"curies":[{"name":"wp","href":"https:\/\/api.w.org\/{rel}","templated":true}]}}