{"id":27661,"date":"2024-06-19T19:51:16","date_gmt":"2024-06-19T19:51:16","guid":{"rendered":"https:\/\/roible.com\/?page_id=27661"},"modified":"2024-06-21T11:56:03","modified_gmt":"2024-06-21T11:56:03","slug":"iletisim","status":"publish","type":"page","link":"https:\/\/roible.com\/tr\/iletisim\/","title":{"rendered":"\u0130leti\u015fim"},"content":{"rendered":"\t\t<div data-elementor-type=\"wp-page\" data-elementor-id=\"27661\" class=\"elementor elementor-27661\">\n\t\t\t\t<div class=\"elementor-element elementor-element-9f70007 e-flex e-con-boxed e-con e-parent\" data-id=\"9f70007\" data-element_type=\"container\" data-e-type=\"container\">\n\t\t\t\t\t<div class=\"e-con-inner\">\n\t\t<div class=\"elementor-element elementor-element-a33a584 e-con-full e-flex e-con e-child\" data-id=\"a33a584\" data-element_type=\"container\" data-e-type=\"container\">\n\t\t\t\t<div class=\"elementor-element elementor-element-48dcc0e animated-fast elementor-invisible elementor-widget elementor-widget-elementskit-heading\" data-id=\"48dcc0e\" data-element_type=\"widget\" data-e-type=\"widget\" data-settings=\"{&quot;_animation&quot;:&quot;fadeIn&quot;,&quot;_animation_delay&quot;:100,&quot;ekit_we_effect_on&quot;:&quot;none&quot;}\" data-widget_type=\"elementskit-heading.default\">\n\t\t\t\t<div class=\"elementor-widget-container\">\n\t\t\t\t\t<div class=\"ekit-wid-con\" ><div class=\"ekit-heading elementskit-section-title-wraper text_center   ekit_heading_tablet-   ekit_heading_mobile-text_center\"><h6 class=\"elementskit-section-subtitle   ekit-heading__subtitle-has-border\">\n\t\t\t\t\t\t\u0130leti\u015fim\n\t\t\t\t\t<\/h6><h1 class=\"ekit-heading--title elementskit-section-title \">Merak etti\u011finiz bir \u015fey var m\u0131?<\/h1>\t\t\t\t<div class='ekit-heading__description'>\n\t\t\t\t\t<p>A\u015fa\u011f\u0131daki se\u00e7enekleri kullanarak bizimle ileti\u015fime ge\u00e7mekten \u00e7ekinmeyin; ekibimiz sorular\u0131n\u0131z\u0131 derhal yan\u0131tlayacakt\u0131r.<\/p>\n\t\t\t\t<\/div>\n\t\t\t<\/div><\/div>\t\t\t\t<\/div>\n\t\t\t\t<\/div>\n\t\t\t\t<div class=\"elementor-element elementor-element-309879b animated-fast elementor-invisible elementor-widget elementor-widget-elementskit-breadcrumb\" data-id=\"309879b\" data-element_type=\"widget\" data-e-type=\"widget\" data-settings=\"{&quot;_animation&quot;:&quot;fadeIn&quot;,&quot;_animation_delay&quot;:100,&quot;ekit_we_effect_on&quot;:&quot;none&quot;}\" data-widget_type=\"elementskit-breadcrumb.default\">\n\t\t\t\t<div class=\"elementor-widget-container\">\n\t\t\t\t\t<div class=\"ekit-wid-con\" ><ol class=\"ekit-breadcrumb\"><li class=\"ekit_breadcrumbs_start\"><a href=\"https:\/\/roible.com\/tr\/\">Home<\/a><\/li><\/ol><\/div>\t\t\t\t<\/div>\n\t\t\t\t<\/div>\n\t\t\t\t<\/div>\n\t\t\t\t\t<\/div>\n\t\t\t\t<\/div>\n\t\t<div class=\"elementor-element elementor-element-a78408c e-flex e-con-boxed e-con e-parent\" data-id=\"a78408c\" data-element_type=\"container\" data-e-type=\"container\" data-settings=\"{&quot;background_background&quot;:&quot;classic&quot;}\">\n\t\t\t\t\t<div class=\"e-con-inner\">\n\t\t<div class=\"elementor-element elementor-element-78fcb6a e-con-full e-flex e-con e-child\" data-id=\"78fcb6a\" data-element_type=\"container\" data-e-type=\"container\">\n\t\t<div class=\"elementor-element elementor-element-5709891 e-con-full e-flex e-con e-child\" data-id=\"5709891\" data-element_type=\"container\" data-e-type=\"container\">\n\t\t\t\t<div class=\"elementor-element elementor-element-035cc9b elementor-widget elementor-widget-html\" data-id=\"035cc9b\" data-element_type=\"widget\" data-e-type=\"widget\" data-settings=\"{&quot;ekit_we_effect_on&quot;:&quot;none&quot;}\" data-widget_type=\"html.default\">\n\t\t\t\t<div class=\"elementor-widget-container\">\n\t\t\t\t\t<iframe src=\"https:\/\/www.google.com\/maps\/embed?pb=!1m18!1m12!1m3!1d3011.903296644112!2d29.037033576073583!3d40.983598320944076!2m3!1f0!2f0!3f0!3m2!1i1024!2i768!4f13.1!3m3!1m2!1s0x14cab90edfb2bcd5%3A0xfe3adeb00aeb6805!2sROIBLE%20-%20Organik%20B%C3%BCy%C3%BCme%20ve%20SEO%20Ajans%C4%B1!5e0!3m2!1str!2str!4v1718826570729!5m2!1str!2str\" width=\"600\" height=\"450\" style=\"border:0;\" allowfullscreen=\"\" loading=\"lazy\" referrerpolicy=\"no-referrer-when-downgrade\"><\/iframe>\t\t\t\t<\/div>\n\t\t\t\t<\/div>\n\t\t\t\t<\/div>\n\t\t<div class=\"elementor-element elementor-element-710475c e-con-full e-flex e-con e-child\" data-id=\"710475c\" data-element_type=\"container\" data-e-type=\"container\">\n\t\t\t\t<div class=\"elementor-element elementor-element-1d8cf45 elementor-widget__width-initial animated-fast elementor-invisible elementor-widget elementor-widget-elementskit-heading\" data-id=\"1d8cf45\" data-element_type=\"widget\" data-e-type=\"widget\" data-settings=\"{&quot;_animation&quot;:&quot;fadeIn&quot;,&quot;_animation_delay&quot;:100,&quot;ekit_we_effect_on&quot;:&quot;none&quot;}\" data-widget_type=\"elementskit-heading.default\">\n\t\t\t\t<div class=\"elementor-widget-container\">\n\t\t\t\t\t<div class=\"ekit-wid-con\" ><div class=\"ekit-heading elementskit-section-title-wraper text_left   ekit_heading_tablet-   ekit_heading_mobile-\"><h5 class=\"ekit-heading--title elementskit-section-title \">Adres:<\/h5>\t\t\t\t<div class='ekit-heading__description'>\n\t\t\t\t\t<p>Ba\u011fdat Cad. No:32\/304 Kad\u0131k\u00f6y, \u0130stanbul<\/p>\n\t\t\t\t<\/div>\n\t\t\t<\/div><\/div>\t\t\t\t<\/div>\n\t\t\t\t<\/div>\n\t\t\t\t<div class=\"elementor-element elementor-element-cd4a552 elementor-widget__width-initial animated-fast elementor-invisible elementor-widget elementor-widget-elementskit-heading\" data-id=\"cd4a552\" data-element_type=\"widget\" data-e-type=\"widget\" data-settings=\"{&quot;_animation&quot;:&quot;fadeIn&quot;,&quot;_animation_delay&quot;:100,&quot;ekit_we_effect_on&quot;:&quot;none&quot;}\" data-widget_type=\"elementskit-heading.default\">\n\t\t\t\t<div class=\"elementor-widget-container\">\n\t\t\t\t\t<div class=\"ekit-wid-con\" ><div class=\"ekit-heading elementskit-section-title-wraper text_left   ekit_heading_tablet-   ekit_heading_mobile-\"><h5 class=\"ekit-heading--title elementskit-section-title \">\u00c7al\u0131\u015fma Saatleri:<\/h5>\t\t\t\t<div class='ekit-heading__description'>\n\t\t\t\t\t<p>Pazartesi - Cuma: 9-18:00<\/p>\n\t\t\t\t<\/div>\n\t\t\t<\/div><\/div>\t\t\t\t<\/div>\n\t\t\t\t<\/div>\n\t\t\t\t<div class=\"elementor-element elementor-element-5bbb5f1 elementor-widget__width-initial animated-fast elementor-invisible elementor-widget elementor-widget-elementskit-heading\" data-id=\"5bbb5f1\" data-element_type=\"widget\" data-e-type=\"widget\" data-settings=\"{&quot;_animation&quot;:&quot;fadeIn&quot;,&quot;_animation_delay&quot;:100,&quot;ekit_we_effect_on&quot;:&quot;none&quot;}\" data-widget_type=\"elementskit-heading.default\">\n\t\t\t\t<div class=\"elementor-widget-container\">\n\t\t\t\t\t<div class=\"ekit-wid-con\" ><div class=\"ekit-heading elementskit-section-title-wraper text_left   ekit_heading_tablet-   ekit_heading_mobile-\"><h5 class=\"ekit-heading--title elementskit-section-title \">\u0130rtibat Bilgileri:<\/h5>\t\t\t\t<div class='ekit-heading__description'>\n\t\t\t\t\t<p>Email: <a href=\"mailto:info@roible.com\">info@roible.com<\/a><br \/>\nTelefon: <a href=\"tel:902166061528\">+90 (216) 606-1528<\/a><\/p>\n\t\t\t\t<\/div>\n\t\t\t<\/div><\/div>\t\t\t\t<\/div>\n\t\t\t\t<\/div>\n\t\t\t\t<\/div>\n\t\t\t\t<\/div>\n\t\t\t\t\t<\/div>\n\t\t\t\t<\/div>\n\t\t<div class=\"elementor-element elementor-element-c5fa031 e-flex e-con-boxed e-con e-parent\" data-id=\"c5fa031\" data-element_type=\"container\" data-e-type=\"container\" id=\"get-information\" data-settings=\"{&quot;background_background&quot;:&quot;classic&quot;}\">\n\t\t\t\t\t<div class=\"e-con-inner\">\n\t\t<div class=\"elementor-element elementor-element-3755a91 e-con-full e-flex e-con e-child\" data-id=\"3755a91\" data-element_type=\"container\" data-e-type=\"container\">\n\t\t<div class=\"elementor-element elementor-element-67c0192 e-con-full animated-fast e-flex elementor-invisible e-con e-child\" data-id=\"67c0192\" data-element_type=\"container\" data-e-type=\"container\" data-settings=\"{&quot;background_background&quot;:&quot;classic&quot;,&quot;animation&quot;:&quot;fadeInUp&quot;,&quot;animation_delay&quot;:100}\">\n\t\t<div class=\"elementor-element elementor-element-3df27ad e-con-full e-flex e-con e-child\" data-id=\"3df27ad\" data-element_type=\"container\" data-e-type=\"container\" data-settings=\"{&quot;background_background&quot;:&quot;classic&quot;}\">\n\t\t\t\t<div class=\"elementor-element elementor-element-2dbc50e ekit-equal-height-disable elementor-widget elementor-widget-elementskit-icon-box\" data-id=\"2dbc50e\" data-element_type=\"widget\" data-e-type=\"widget\" data-settings=\"{&quot;ekit_we_effect_on&quot;:&quot;none&quot;}\" data-widget_type=\"elementskit-icon-box.default\">\n\t\t\t\t<div class=\"elementor-widget-container\">\n\t\t\t\t\t<div class=\"ekit-wid-con\" >        <!-- link opening -->\n                <a href=\"#\" class=\"ekit_global_links\">\n                <!-- end link opening -->\n\n        <div class=\"elementskit-infobox text-left text-left icon-lef-right-aligin elementor-animation- media  \">\n                    <div class=\"elementskit-box-header elementor-animation-\">\n                <div class=\"elementskit-info-box-icon  text-center\">\n                    <i aria-hidden=\"true\" class=\"elementkit-infobox-icon icon icon-inbox1\"><\/i>\n                <\/div>\n          <\/div>\n                        <div class=\"box-body\">\n                            <h5 class=\"elementskit-info-box-title\">\n                    Yard\u0131m m\u0131 laz\u0131m?                <\/h5>\n                        \t\t  \t<p>An\u0131nda yan\u0131t al\u0131n.<\/p>\n                                <\/div>\n        \n        \n                <\/div>\n                <\/a>\n        <\/div>\t\t\t\t<\/div>\n\t\t\t\t<\/div>\n\t\t\t\t<div class=\"elementor-element elementor-element-7cb252d ekit-equal-height-disable elementor-widget elementor-widget-elementskit-icon-box\" data-id=\"7cb252d\" data-element_type=\"widget\" data-e-type=\"widget\" data-settings=\"{&quot;ekit_we_effect_on&quot;:&quot;none&quot;}\" data-widget_type=\"elementskit-icon-box.default\">\n\t\t\t\t<div class=\"elementor-widget-container\">\n\t\t\t\t\t<div class=\"ekit-wid-con\" >        <!-- link opening -->\n                <a href=\"#\" class=\"ekit_global_links\">\n                <!-- end link opening -->\n\n        <div class=\"elementskit-infobox text-left text-left icon-lef-right-aligin elementor-animation- media  \">\n                    <div class=\"elementskit-box-header elementor-animation-\">\n                <div class=\"elementskit-info-box-icon  text-center\">\n                    <i aria-hidden=\"true\" class=\"elementkit-infobox-icon icon icon-envelope2\"><\/i>\n                <\/div>\n          <\/div>\n                        <div class=\"box-body\">\n                            <h5 class=\"elementskit-info-box-title\">\n                    Geri bildirim?                <\/h5>\n                        \t\t  \t<p>Bize buradan bahsedin.<\/p>\n                                <\/div>\n        \n        \n                <\/div>\n                <\/a>\n        <\/div>\t\t\t\t<\/div>\n\t\t\t\t<\/div>\n\t\t\t\t<div class=\"elementor-element elementor-element-94dda58 ekit-equal-height-disable elementor-widget elementor-widget-elementskit-icon-box\" data-id=\"94dda58\" data-element_type=\"widget\" data-e-type=\"widget\" data-settings=\"{&quot;ekit_we_effect_on&quot;:&quot;none&quot;}\" data-widget_type=\"elementskit-icon-box.default\">\n\t\t\t\t<div class=\"elementor-widget-container\">\n\t\t\t\t\t<div class=\"ekit-wid-con\" >        <!-- link opening -->\n                <a href=\"#\" class=\"ekit_global_links\">\n                <!-- end link opening -->\n\n        <div class=\"elementskit-infobox text-left text-left icon-lef-right-aligin elementor-animation- media  \">\n                    <div class=\"elementskit-box-header elementor-animation-\">\n                <div class=\"elementskit-info-box-icon  text-center\">\n                    <i aria-hidden=\"true\" class=\"elementkit-infobox-icon icon icon-chat\"><\/i>\n                <\/div>\n          <\/div>\n                        <div class=\"box-body\">\n                            <h5 class=\"elementskit-info-box-title\">\n                    Sorunuz mu var?                <\/h5>\n                        \t\t  \t<p>Cevaplamaya haz\u0131r\u0131z.<\/p>\n                                <\/div>\n        \n        \n                <\/div>\n                <\/a>\n        <\/div>\t\t\t\t<\/div>\n\t\t\t\t<\/div>\n\t\t\t\t<div class=\"elementor-element elementor-element-f730183 ekit-equal-height-disable elementor-widget elementor-widget-elementskit-icon-box\" data-id=\"f730183\" data-element_type=\"widget\" data-e-type=\"widget\" data-settings=\"{&quot;ekit_we_effect_on&quot;:&quot;none&quot;}\" data-widget_type=\"elementskit-icon-box.default\">\n\t\t\t\t<div class=\"elementor-widget-container\">\n\t\t\t\t\t<div class=\"ekit-wid-con\" >        <!-- link opening -->\n                <a href=\"#\" class=\"ekit_global_links\">\n                <!-- end link opening -->\n\n        <div class=\"elementskit-infobox text-left text-left icon-lef-right-aligin elementor-animation- media  \">\n                    <div class=\"elementskit-box-header elementor-animation-\">\n                <div class=\"elementskit-info-box-icon  text-center\">\n                    <i aria-hidden=\"true\" class=\"elementkit-infobox-icon icon icon-earth\"><\/i>\n                <\/div>\n          <\/div>\n                        <div class=\"box-body\">\n                            <h5 class=\"elementskit-info-box-title\">\n                    \u0130\u015fbirli\u011fi?                <\/h5>\n                        \t\t  \t<p>\u0130lk mesaj\u0131 at\u0131n, gerisi bizde.<\/p>\n                                <\/div>\n        \n        \n                <\/div>\n                <\/a>\n        <\/div>\t\t\t\t<\/div>\n\t\t\t\t<\/div>\n\t\t\t\t<\/div>\n\t\t<div class=\"elementor-element elementor-element-30fb44a e-con-full e-flex e-con e-child\" data-id=\"30fb44a\" data-element_type=\"container\" data-e-type=\"container\" data-settings=\"{&quot;background_background&quot;:&quot;classic&quot;}\">\n\t\t\t\t<div class=\"elementor-element elementor-element-c05d180 animated-fast elementor-invisible elementor-widget elementor-widget-elementskit-heading\" data-id=\"c05d180\" data-element_type=\"widget\" data-e-type=\"widget\" data-settings=\"{&quot;_animation&quot;:&quot;fadeIn&quot;,&quot;_animation_delay&quot;:200,&quot;ekit_we_effect_on&quot;:&quot;none&quot;}\" data-widget_type=\"elementskit-heading.default\">\n\t\t\t\t<div class=\"elementor-widget-container\">\n\t\t\t\t\t<div class=\"ekit-wid-con\" ><div class=\"ekit-heading elementskit-section-title-wraper text_left   ekit_heading_tablet-   ekit_heading_mobile-\"><h3 class=\"ekit-heading--title elementskit-section-title \">Bug\u00fcn size nas\u0131l yard\u0131mc\u0131 olabiliriz?<\/h3><\/div><\/div>\t\t\t\t<\/div>\n\t\t\t\t<\/div>\n\t\t\t\t<div class=\"elementor-element elementor-element-86d91ae animated-fast elementor-invisible elementor-widget elementor-widget-elementskit-contact-form7\" data-id=\"86d91ae\" data-element_type=\"widget\" data-e-type=\"widget\" data-settings=\"{&quot;_animation_delay&quot;:300,&quot;_animation&quot;:&quot;fadeIn&quot;,&quot;ekit_we_effect_on&quot;:&quot;none&quot;}\" data-widget_type=\"elementskit-contact-form7.default\">\n\t\t\t\t<div class=\"elementor-widget-container\">\n\t\t\t\t\t<div class=\"ekit-wid-con\" ><div class=\"ekit-form\">\n<div class=\"wpcf7 no-js\" id=\"wpcf7-f27634-o1\" lang=\"tr-TR\" dir=\"ltr\" data-wpcf7-id=\"27634\">\n<div class=\"screen-reader-response\"><p role=\"status\" aria-live=\"polite\" aria-atomic=\"true\"><\/p> <ul><\/ul><\/div>\n<form action=\"\/tr\/wp-json\/wp\/v2\/pages\/27661#wpcf7-f27634-o1\" method=\"post\" class=\"wpcf7-form init\" aria-label=\"\u0130leti\u015fim Formu\" novalidate=\"novalidate\" data-status=\"init\">\n<fieldset class=\"hidden-fields-container\"><input type=\"hidden\" name=\"_wpcf7\" value=\"27634\" \/><input type=\"hidden\" name=\"_wpcf7_version\" value=\"6.1.5\" \/><input type=\"hidden\" name=\"_wpcf7_locale\" value=\"tr_TR\" \/><input type=\"hidden\" name=\"_wpcf7_unit_tag\" value=\"wpcf7-f27634-o1\" \/><input type=\"hidden\" name=\"_wpcf7_container_post\" value=\"0\" \/><input type=\"hidden\" name=\"_wpcf7_posted_data_hash\" value=\"\" \/>\n<\/fieldset>\n<div class=\"inline-form\">\n\t<div class=\"keydesign-label\">\n\t\t<p><label>Ad Soyad<\/label><span class=\"wpcf7-form-control-wrap\" data-name=\"your-name\"><input size=\"40\" maxlength=\"400\" class=\"wpcf7-form-control wpcf7-text wpcf7-validates-as-required\" aria-required=\"true\" aria-invalid=\"false\" value=\"\" type=\"text\" name=\"your-name\" \/><\/span>\n\t\t<\/p>\n\t<\/div>\n\t<div class=\"keydesign-label\">\n\t\t<p><label>Email<\/label><span class=\"wpcf7-form-control-wrap\" data-name=\"your-email\"><input size=\"40\" maxlength=\"400\" class=\"wpcf7-form-control wpcf7-email wpcf7-validates-as-required wpcf7-text wpcf7-validates-as-email\" aria-required=\"true\" aria-invalid=\"false\" value=\"\" type=\"email\" name=\"your-email\" \/><\/span>\n\t\t<\/p>\n\t<\/div>\n\t<div class=\"keydesign-label\">\n\t\t<p><label>Telefon (Ba\u015f\u0131na 0 Koymadan Yaz\u0131n\u0131z)<\/label><span class=\"wpcf7-form-control-wrap\" data-name=\"telefon\"><input size=\"40\" maxlength=\"10\" class=\"wpcf7-form-control wpcf7-tel wpcf7-validates-as-required wpcf7-text wpcf7-validates-as-tel\" aria-required=\"true\" aria-invalid=\"false\" value=\"\" type=\"tel\" name=\"telefon\" \/><\/span>\n\t\t<\/p>\n\t<\/div>\n<\/div>\n<div class=\"keydesign-label\">\n\t<p><label>Mesaj\u0131n\u0131z<\/label><span class=\"wpcf7-form-control-wrap\" data-name=\"your-message\"><textarea cols=\"40\" rows=\"10\" maxlength=\"2000\" class=\"wpcf7-form-control wpcf7-textarea\" aria-invalid=\"false\" name=\"your-message\"><\/textarea><\/span>\n\t<\/p>\n<\/div>\n<p><input class=\"wpcf7-form-control wpcf7-submit has-spinner\" type=\"submit\" value=\"G\u00f6nder\" \/>\n<\/p><div class=\"wpcf7-response-output\" aria-hidden=\"true\"><\/div>\n<\/form>\n<\/div>\n<\/div><\/div>\t\t\t\t<\/div>\n\t\t\t\t<\/div>\n\t\t\t\t<\/div>\n\t\t\t\t<\/div>\n\t\t\t\t<\/div>\n\t\t\t\t\t<\/div>\n\t\t\t\t<\/div>\n\t\t\t\t<\/div>\n\t\t   ","protected":false},"excerpt":{"rendered":"<p>\u0130leti\u015fim Merak etti\u011finiz bir \u015fey var m\u0131? A\u015fa\u011f\u0131daki se\u00e7enekleri kullanarak bizimle ileti\u015fime ge\u00e7mekten \u00e7ekinmeyin; ekibimiz sorular\u0131n\u0131z\u0131 derhal yan\u0131tlayacakt\u0131r. Home Adres: Ba\u011fdat Cad. No:32\/304 Kad\u0131k\u00f6y, \u0130stanbul \u00c7al\u0131\u015fma Saatleri: Pazartesi &#8211; Cuma: 9-18:00 \u0130rtibat Bilgileri: Email: info@roible.com Telefon: +90 (216) 606-1528 Yard\u0131m m\u0131 laz\u0131m? An\u0131nda yan\u0131t al\u0131n. Geri bildirim? Bize buradan bahsedin. Sorunuz mu var? Cevaplamaya haz\u0131r\u0131z. [&hellip;]<\/p>\n","protected":false},"author":1,"featured_media":0,"parent":0,"menu_order":0,"comment_status":"closed","ping_status":"closed","template":"","meta":{"footnotes":""},"class_list":["post-27661","page","type-page","status-publish","hentry"],"_links":{"self":[{"href":"https:\/\/roible.com\/tr\/wp-json\/wp\/v2\/pages\/27661","targetHints":{"allow":["GET"]}}],"collection":[{"href":"https:\/\/roible.com\/tr\/wp-json\/wp\/v2\/pages"}],"about":[{"href":"https:\/\/roible.com\/tr\/wp-json\/wp\/v2\/types\/page"}],"author":[{"embeddable":true,"href":"https:\/\/roible.com\/tr\/wp-json\/wp\/v2\/users\/1"}],"replies":[{"embeddable":true,"href":"https:\/\/roible.com\/tr\/wp-json\/wp\/v2\/comments?post=27661"}],"version-history":[{"count":0,"href":"https:\/\/roible.com\/tr\/wp-json\/wp\/v2\/pages\/27661\/revisions"}],"wp:attachment":[{"href":"https:\/\/roible.com\/tr\/wp-json\/wp\/v2\/media?parent=27661"}],"curies":[{"name":"wp","href":"https:\/\/api.w.org\/{rel}","templated":true}]}}