{"id":27639,"date":"2024-06-19T19:18:04","date_gmt":"2024-06-19T19:18:04","guid":{"rendered":"https:\/\/roible.com\/?page_id=27639"},"modified":"2025-10-19T22:52:02","modified_gmt":"2025-10-19T19:52:02","slug":"toplanti-talep-edin","status":"publish","type":"page","link":"https:\/\/roible.com\/tr\/toplanti-talep-edin\/","title":{"rendered":"Toplant\u0131 Talep Edin"},"content":{"rendered":"\t\t<div data-elementor-type=\"wp-page\" data-elementor-id=\"27639\" class=\"elementor elementor-27639\">\n\t\t\t\t<div class=\"elementor-element elementor-element-3504c080 e-con-full e-flex e-con e-parent\" data-id=\"3504c080\" data-element_type=\"container\" data-e-type=\"container\" data-settings=\"{&quot;background_background&quot;:&quot;classic&quot;}\">\n\t\t<div class=\"elementor-element elementor-element-62f475ec e-con-full e-flex e-con e-child\" data-id=\"62f475ec\" data-element_type=\"container\" data-e-type=\"container\">\n\t\t\t\t<div class=\"elementor-element elementor-element-e6ad171 elementor-widget elementor-widget-elementskit-breadcrumb\" data-id=\"e6ad171\" data-element_type=\"widget\" data-e-type=\"widget\" data-settings=\"{&quot;ekit_we_effect_on&quot;:&quot;none&quot;}\" data-widget_type=\"elementskit-breadcrumb.default\">\n\t\t\t\t<div class=\"elementor-widget-container\">\n\t\t\t\t\t<div class=\"ekit-wid-con\" ><ol class=\"ekit-breadcrumb\"><li class=\"ekit_breadcrumbs_start\"><a href=\"https:\/\/roible.com\/tr\/\">Home<\/a><\/li><\/ol><\/div>\t\t\t\t<\/div>\n\t\t\t\t<\/div>\n\t\t<div class=\"elementor-element elementor-element-3afaec03 e-con-full e-flex e-con e-child\" data-id=\"3afaec03\" data-element_type=\"container\" data-e-type=\"container\">\n\t\t\t\t<div class=\"elementor-element elementor-element-1f368443 animated-fast elementor-invisible elementor-widget elementor-widget-elementskit-heading\" data-id=\"1f368443\" data-element_type=\"widget\" data-e-type=\"widget\" data-settings=\"{&quot;_animation&quot;:&quot;fadeIn&quot;,&quot;ekit_we_effect_on&quot;:&quot;css&quot;,&quot;_animation_delay&quot;:100}\" data-widget_type=\"elementskit-heading.default\">\n\t\t\t\t<div class=\"elementor-widget-container\">\n\t\t\t\t\t<div class=\"ekit-wid-con\" ><div class=\"ekit-heading elementskit-section-title-wraper text_left   ekit_heading_tablet-   ekit_heading_mobile-\"><h1 class=\"ekit-heading--title elementskit-section-title \">Toplant\u0131 Talep Edin<\/h1>\t\t\t\t<div class='ekit-heading__description'>\n\t\t\t\t\t<p>Hedeflerinizi anlamak ve uygun stratejiler sunmak i\u00e7in sizi 30 dakikal\u0131k \u00fccretsiz dan\u0131\u015fmanl\u0131k g\u00f6r\u00fc\u015fmesine davet ediyoruz!<\/p>\n\t\t\t\t<\/div>\n\t\t\t<\/div><\/div>\t\t\t\t<\/div>\n\t\t\t\t<\/div>\n\t\t\t\t<div class=\"elementor-element elementor-element-b279fb2 elementor-widget elementor-widget-html\" data-id=\"b279fb2\" data-element_type=\"widget\" data-e-type=\"widget\" data-settings=\"{&quot;ekit_we_effect_on&quot;:&quot;none&quot;}\" data-widget_type=\"html.default\">\n\t\t\t\t<div class=\"elementor-widget-container\">\n\t\t\t\t\t<!-- Calendly inline widget begin -->\n<div class=\"calendly-inline-widget\" data-url=\"https:\/\/calendly.com\/yenitoplanti\/tanisalim?hide_event_type_details=1&hide_gdpr_banner=1&text_color=090905&primary_color=090905\" style=\"min-width:320px;height:700px;\"><\/div>\n<script type=\"text\/javascript\" src=\"https:\/\/assets.calendly.com\/assets\/external\/widget.js\" async><\/script>\n<!-- Calendly inline widget end -->\t\t\t\t<\/div>\n\t\t\t\t<\/div>\n\t\t<div class=\"elementor-element elementor-element-135d0f8f e-con-full e-flex e-con e-child\" data-id=\"135d0f8f\" data-element_type=\"container\" data-e-type=\"container\">\n\t\t\t\t<\/div>\n\t\t\t\t<\/div>\n\t\t\t\t<\/div>\n\t\t<div class=\"elementor-element elementor-element-4099e4e7 e-con-full e-flex e-con e-child\" data-id=\"4099e4e7\" data-element_type=\"container\" data-e-type=\"container\" data-settings=\"{&quot;background_background&quot;:&quot;classic&quot;}\">\n\t\t<div class=\"elementor-element elementor-element-5f852567 e-con-full e-flex e-con e-child\" data-id=\"5f852567\" data-element_type=\"container\" data-e-type=\"container\">\n\t\t<div class=\"elementor-element elementor-element-fb1e884 e-con-full e-flex e-con e-child\" data-id=\"fb1e884\" data-element_type=\"container\" data-e-type=\"container\">\n\t\t\t\t<div class=\"elementor-element elementor-element-4201eafb animated-fast ekit-equal-height-disable elementor-invisible elementor-widget elementor-widget-elementskit-icon-box\" data-id=\"4201eafb\" data-element_type=\"widget\" data-e-type=\"widget\" data-settings=\"{&quot;_animation&quot;:&quot;fadeInUp&quot;,&quot;_animation_delay&quot;:100,&quot;ekit_we_effect_on&quot;:&quot;none&quot;}\" data-widget_type=\"elementskit-icon-box.default\">\n\t\t\t\t<div class=\"elementor-widget-container\">\n\t\t\t\t\t<div class=\"ekit-wid-con\" >        <!-- link opening -->\n                <a href=\"#\" class=\"ekit_global_links\">\n                <!-- end link opening -->\n\n        <div class=\"elementskit-infobox text-left text-left icon-lef-right-aligin elementor-animation- media  \">\n                    <div class=\"elementskit-box-header elementor-animation-\">\n                <div class=\"elementskit-info-box-icon  text-center\">\n                    <i aria-hidden=\"true\" class=\"elementkit-infobox-icon icon icon-clipboard11\"><\/i>\n                <\/div>\n          <\/div>\n                        <div class=\"box-body\">\n                            <h4 class=\"elementskit-info-box-title\">\n                    Formu doldurun                <\/h4>\n                        \t\t  \t<p>\u0130\u015f plan\u0131m\u0131zla senkronize olan takvimimiz \u00fczerinden uygun zamanlar\u0131n\u0131za randevu alabilirsiniz.<\/p>\n                                <\/div>\n        \n        \n                <\/div>\n                <\/a>\n        <\/div>\t\t\t\t<\/div>\n\t\t\t\t<\/div>\n\t\t\t\t<\/div>\n\t\t<div class=\"elementor-element elementor-element-6ba02ba5 e-con-full e-flex e-con e-child\" data-id=\"6ba02ba5\" data-element_type=\"container\" data-e-type=\"container\">\n\t\t\t\t<div class=\"elementor-element elementor-element-5724f77a animated-fast ekit-equal-height-disable elementor-invisible elementor-widget elementor-widget-elementskit-icon-box\" data-id=\"5724f77a\" data-element_type=\"widget\" data-e-type=\"widget\" data-settings=\"{&quot;_animation&quot;:&quot;fadeInUp&quot;,&quot;_animation_delay&quot;:200,&quot;ekit_we_effect_on&quot;:&quot;none&quot;}\" data-widget_type=\"elementskit-icon-box.default\">\n\t\t\t\t<div class=\"elementor-widget-container\">\n\t\t\t\t\t<div class=\"ekit-wid-con\" >        <!-- link opening -->\n                <a href=\"#\" class=\"ekit_global_links\">\n                <!-- end link opening -->\n\n        <div class=\"elementskit-infobox text-left text-left icon-lef-right-aligin elementor-animation- media  \">\n                    <div class=\"elementskit-box-header elementor-animation-\">\n                <div class=\"elementskit-info-box-icon  text-center\">\n                    <i aria-hidden=\"true\" class=\"elementkit-infobox-icon icon icon-email\"><\/i>\n                <\/div>\n          <\/div>\n                        <div class=\"box-body\">\n                            <h4 class=\"elementskit-info-box-title\">\n                    Bilgilendirme e-postas\u0131 size ula\u015facak                <\/h4>\n                        \t\t  \t<p>Hem formu doldurdu\u011funuzda hem de toplant\u0131 yakla\u015ft\u0131\u011f\u0131nda bildirim alacaks\u0131n\u0131z.<\/p>\n                                <\/div>\n        \n        \n                <\/div>\n                <\/a>\n        <\/div>\t\t\t\t<\/div>\n\t\t\t\t<\/div>\n\t\t\t\t<\/div>\n\t\t<div class=\"elementor-element elementor-element-bae0110 e-con-full e-flex e-con e-child\" data-id=\"bae0110\" data-element_type=\"container\" data-e-type=\"container\">\n\t\t\t\t<div class=\"elementor-element elementor-element-5de58dcf animated-fast ekit-equal-height-disable elementor-invisible elementor-widget elementor-widget-elementskit-icon-box\" data-id=\"5de58dcf\" data-element_type=\"widget\" data-e-type=\"widget\" data-settings=\"{&quot;_animation&quot;:&quot;fadeInUp&quot;,&quot;_animation_delay&quot;:300,&quot;ekit_we_effect_on&quot;:&quot;none&quot;}\" data-widget_type=\"elementskit-icon-box.default\">\n\t\t\t\t<div class=\"elementor-widget-container\">\n\t\t\t\t\t<div class=\"ekit-wid-con\" >        <!-- link opening -->\n                <a href=\"#\" class=\"ekit_global_links\">\n                <!-- end link opening -->\n\n        <div class=\"elementskit-infobox text-left text-left icon-lef-right-aligin elementor-animation- media  \">\n                    <div class=\"elementskit-box-header elementor-animation-\">\n                <div class=\"elementskit-info-box-icon  text-center\">\n                    <i aria-hidden=\"true\" class=\"elementkit-infobox-icon icon icon-clock-1\"><\/i>\n                <\/div>\n          <\/div>\n                        <div class=\"box-body\">\n                            <h4 class=\"elementskit-info-box-title\">\n                    Tam saatinde toplant\u0131da olaca\u011f\u0131z.                <\/h4>\n                        \t\t  \t<p>Toplant\u0131y\u0131 onaylamak i\u00e7in bizi araman\u0131za gerek yok, planlad\u0131\u011f\u0131n\u0131z saatte toplant\u0131da olaca\u011f\u0131z.<\/p>\n                                <\/div>\n        \n        \n                <\/div>\n                <\/a>\n        <\/div>\t\t\t\t<\/div>\n\t\t\t\t<\/div>\n\t\t\t\t<\/div>\n\t\t\t\t<\/div>\n\t\t\t\t<\/div>\n\t\t\t\t<\/div>\n\t\t\t\t<\/div>\n\t\t   ","protected":false},"excerpt":{"rendered":"<p>Home Toplant\u0131 Talep Edin Hedeflerinizi anlamak ve uygun stratejiler sunmak i\u00e7in sizi 30 dakikal\u0131k \u00fccretsiz dan\u0131\u015fmanl\u0131k g\u00f6r\u00fc\u015fmesine davet ediyoruz! Formu doldurun \u0130\u015f plan\u0131m\u0131zla senkronize olan takvimimiz \u00fczerinden uygun zamanlar\u0131n\u0131za randevu alabilirsiniz. Bilgilendirme e-postas\u0131 size ula\u015facak Hem formu doldurdu\u011funuzda hem de toplant\u0131 yakla\u015ft\u0131\u011f\u0131nda bildirim alacaks\u0131n\u0131z. Tam saatinde toplant\u0131da olaca\u011f\u0131z. Toplant\u0131y\u0131 onaylamak i\u00e7in bizi araman\u0131za gerek yok, [&hellip;]<\/p>\n","protected":false},"author":1,"featured_media":0,"parent":0,"menu_order":0,"comment_status":"closed","ping_status":"closed","template":"","meta":{"footnotes":""},"class_list":["post-27639","page","type-page","status-publish","hentry"],"_links":{"self":[{"href":"https:\/\/roible.com\/tr\/wp-json\/wp\/v2\/pages\/27639","targetHints":{"allow":["GET"]}}],"collection":[{"href":"https:\/\/roible.com\/tr\/wp-json\/wp\/v2\/pages"}],"about":[{"href":"https:\/\/roible.com\/tr\/wp-json\/wp\/v2\/types\/page"}],"author":[{"embeddable":true,"href":"https:\/\/roible.com\/tr\/wp-json\/wp\/v2\/users\/1"}],"replies":[{"embeddable":true,"href":"https:\/\/roible.com\/tr\/wp-json\/wp\/v2\/comments?post=27639"}],"version-history":[{"count":3,"href":"https:\/\/roible.com\/tr\/wp-json\/wp\/v2\/pages\/27639\/revisions"}],"predecessor-version":[{"id":30408,"href":"https:\/\/roible.com\/tr\/wp-json\/wp\/v2\/pages\/27639\/revisions\/30408"}],"wp:attachment":[{"href":"https:\/\/roible.com\/tr\/wp-json\/wp\/v2\/media?parent=27639"}],"curies":[{"name":"wp","href":"https:\/\/api.w.org\/{rel}","templated":true}]}}