{"id":27623,"date":"2024-06-19T19:07:00","date_gmt":"2024-06-19T19:07:00","guid":{"rendered":"https:\/\/roible.com\/?page_id=27623"},"modified":"2025-05-11T09:49:52","modified_gmt":"2025-05-11T09:49:52","slug":"teklif-isteyin","status":"publish","type":"page","link":"https:\/\/roible.com\/tr\/teklif-isteyin\/","title":{"rendered":"Teklif \u0130steyin"},"content":{"rendered":"\t\t<div data-elementor-type=\"wp-page\" data-elementor-id=\"27623\" class=\"elementor elementor-27623\">\n\t\t\t\t<div class=\"elementor-element elementor-element-424767fa e-flex e-con-boxed e-con e-parent\" data-id=\"424767fa\" data-element_type=\"container\" data-e-type=\"container\" data-settings=\"{&quot;background_background&quot;:&quot;classic&quot;}\">\n\t\t\t\t\t<div class=\"e-con-inner\">\n\t\t<div class=\"elementor-element elementor-element-623afcdc e-con-full e-flex e-con e-child\" data-id=\"623afcdc\" data-element_type=\"container\" data-e-type=\"container\">\n\t\t<div class=\"elementor-element elementor-element-1fa10261 e-con-full animated-fast e-flex elementor-invisible e-con e-child\" data-id=\"1fa10261\" data-element_type=\"container\" data-e-type=\"container\" data-settings=\"{&quot;background_background&quot;:&quot;classic&quot;,&quot;animation&quot;:&quot;fadeInUp&quot;,&quot;animation_delay&quot;:200}\">\n\t\t\t\t<div class=\"elementor-element elementor-element-7481940c elementor-widget__width-initial elementor-widget elementor-widget-elementskit-heading\" data-id=\"7481940c\" data-element_type=\"widget\" data-e-type=\"widget\" data-settings=\"{&quot;ekit_we_effect_on&quot;:&quot;none&quot;}\" data-widget_type=\"elementskit-heading.default\">\n\t\t\t\t<div class=\"elementor-widget-container\">\n\t\t\t\t\t<div class=\"ekit-wid-con\" ><div class=\"ekit-heading elementskit-section-title-wraper text_left   ekit_heading_tablet-   ekit_heading_mobile-\"><h4 class=\"ekit-heading--title elementskit-section-title \">Hemen \u00dccretsiz Teklif Al\u0131n!<\/h4>\t\t\t\t<div class='ekit-heading__description'>\n\t\t\t\t\t<p>A\u015fa\u011f\u0131da kim oldu\u011funuzu ve ne arad\u0131\u011f\u0131n\u0131z\u0131 bize bildirin; size 24 saat i\u00e7inde geri d\u00f6n\u00fc\u015f yapaca\u011f\u0131z.<\/p>\n\t\t\t\t<\/div>\n\t\t\t<\/div><\/div>\t\t\t\t<\/div>\n\t\t\t\t<\/div>\n\t\t\t\t<div class=\"elementor-element elementor-element-60e71fa4 elementor-widget elementor-widget-elementskit-contact-form7\" data-id=\"60e71fa4\" data-element_type=\"widget\" data-e-type=\"widget\" data-settings=\"{&quot;ekit_we_effect_on&quot;:&quot;none&quot;}\" data-widget_type=\"elementskit-contact-form7.default\">\n\t\t\t\t<div class=\"elementor-widget-container\">\n\t\t\t\t\t<div class=\"ekit-wid-con\" ><div class=\"ekit-form\">\n<div class=\"wpcf7 no-js\" id=\"wpcf7-f27633-p27623-o1\" lang=\"tr-TR\" dir=\"ltr\" data-wpcf7-id=\"27633\">\n<div class=\"screen-reader-response\"><p role=\"status\" aria-live=\"polite\" aria-atomic=\"true\"><\/p> <ul><\/ul><\/div>\n<form action=\"\/tr\/teklif-isteyin\/?sa=X&#038;ved=2ahUKEwi16aaUkLySAxW2VPEDHUxnM1oQwgUoB3oECBAQGQ#wpcf7-f27633-p27623-o1\" method=\"post\" class=\"wpcf7-form init\" aria-label=\"\u0130leti\u015fim Formu\" novalidate=\"novalidate\" data-status=\"init\">\n<fieldset class=\"hidden-fields-container\"><input type=\"hidden\" name=\"_wpcf7\" value=\"27633\" \/><input type=\"hidden\" name=\"_wpcf7_version\" value=\"6.1.5\" \/><input type=\"hidden\" name=\"_wpcf7_locale\" value=\"tr_TR\" \/><input type=\"hidden\" name=\"_wpcf7_unit_tag\" value=\"wpcf7-f27633-p27623-o1\" \/><input type=\"hidden\" name=\"_wpcf7_container_post\" value=\"27623\" \/><input type=\"hidden\" name=\"_wpcf7_posted_data_hash\" value=\"\" \/>\n<\/fieldset>\n<div class=\"keydesign-label\">\n\t<p><label>Ad Soyad<\/label><span class=\"wpcf7-form-control-wrap\" data-name=\"your-name\"><input size=\"40\" maxlength=\"400\" class=\"wpcf7-form-control wpcf7-text wpcf7-validates-as-required\" aria-required=\"true\" aria-invalid=\"false\" value=\"\" type=\"text\" name=\"your-name\" \/><\/span>\n\t<\/p>\n<\/div>\n<div class=\"keydesign-label\">\n\t<p><label>E-mail<\/label><span class=\"wpcf7-form-control-wrap\" data-name=\"your-email\"><input size=\"40\" maxlength=\"400\" class=\"wpcf7-form-control wpcf7-email wpcf7-validates-as-required wpcf7-text wpcf7-validates-as-email\" aria-required=\"true\" aria-invalid=\"false\" value=\"\" type=\"email\" name=\"your-email\" \/><\/span>\n\t<\/p>\n<\/div>\n<div class=\"keydesign-label\">\n\t<p><label>Telefon (Ba\u015f\u0131nda 0 olmadan yaz\u0131n\u0131z)<\/label><span class=\"wpcf7-form-control-wrap\" data-name=\"phone\"><input size=\"40\" maxlength=\"10\" class=\"wpcf7-form-control wpcf7-tel wpcf7-validates-as-required wpcf7-text wpcf7-validates-as-tel\" aria-required=\"true\" aria-invalid=\"false\" value=\"\" type=\"tel\" name=\"phone\" \/><\/span>\n\t<\/p>\n<\/div>\n<div class=\"keydesign-label\">\n\t<p><label>\u015eirketiniz<\/label><span class=\"wpcf7-form-control-wrap\" data-name=\"YourCompany\"><input size=\"40\" maxlength=\"400\" class=\"wpcf7-form-control wpcf7-text\" aria-invalid=\"false\" value=\"\" type=\"text\" name=\"YourCompany\" \/><\/span>\n\t<\/p>\n<\/div>\n<div class=\"keydesign-label\">\n\t<p><label>Mesaj\u0131n\u0131z<\/label><span class=\"wpcf7-form-control-wrap\" data-name=\"your-message\"><textarea cols=\"40\" rows=\"10\" maxlength=\"2000\" class=\"wpcf7-form-control wpcf7-textarea\" aria-invalid=\"false\" name=\"your-message\"><\/textarea><\/span>\n\t<\/p>\n<\/div>\n<p><input class=\"wpcf7-form-control wpcf7-submit has-spinner\" type=\"submit\" value=\"G\u00f6nder\" \/>\n<\/p><div class=\"wpcf7-response-output\" aria-hidden=\"true\"><\/div>\n<\/form>\n<\/div>\n<\/div><\/div>\t\t\t\t<\/div>\n\t\t\t\t<\/div>\n\t\t\t\t<\/div>\n\t\t<div class=\"elementor-element elementor-element-5f26d696 e-con-full e-flex e-con e-child\" data-id=\"5f26d696\" data-element_type=\"container\" data-e-type=\"container\">\n\t\t\t\t<div class=\"elementor-element elementor-element-9219451 elementor-widget elementor-widget-elementskit-breadcrumb\" data-id=\"9219451\" data-element_type=\"widget\" data-e-type=\"widget\" data-settings=\"{&quot;ekit_we_effect_on&quot;:&quot;none&quot;}\" data-widget_type=\"elementskit-breadcrumb.default\">\n\t\t\t\t<div class=\"elementor-widget-container\">\n\t\t\t\t\t<div class=\"ekit-wid-con\" ><ol class=\"ekit-breadcrumb\"><li class=\"ekit_breadcrumbs_start\"><a href=\"https:\/\/roible.com\/tr\/\">Home<\/a><\/li> <li class=\"brd_sep\"> &raquo; <\/li>  <li>Teklif \u0130steyin<\/li><\/ol><\/div>\t\t\t\t<\/div>\n\t\t\t\t<\/div>\n\t\t\t\t<div class=\"elementor-element elementor-element-575443e9 elementor-widget__width-initial animated-fast elementor-invisible elementor-widget elementor-widget-elementskit-heading\" data-id=\"575443e9\" data-element_type=\"widget\" data-e-type=\"widget\" data-settings=\"{&quot;_animation&quot;:&quot;fadeIn&quot;,&quot;_animation_delay&quot;:100,&quot;ekit_we_effect_on&quot;:&quot;none&quot;}\" data-widget_type=\"elementskit-heading.default\">\n\t\t\t\t<div class=\"elementor-widget-container\">\n\t\t\t\t\t<div class=\"ekit-wid-con\" ><div class=\"ekit-heading elementskit-section-title-wraper text_left   ekit_heading_tablet-   ekit_heading_mobile-\"><h2 class=\"ekit-heading--title elementskit-section-title \">Gelirinizi art\u0131rmaya <br>haz\u0131r m\u0131s\u0131n\u0131z?<\/h2>\t\t\t\t<div class='ekit-heading__description'>\n\t\t\t\t\t<p>Sadece formu doldurun ve gerisini uzmanlar\u0131m\u0131za b\u0131rak\u0131n. Peki sonra ne olacak:<\/p>\n\t\t\t\t<\/div>\n\t\t\t<\/div><\/div>\t\t\t\t<\/div>\n\t\t\t\t<\/div>\n\t\t<div class=\"elementor-element elementor-element-2decefac e-con-full e-flex e-con e-child\" data-id=\"2decefac\" data-element_type=\"container\" data-e-type=\"container\">\n\t\t<div class=\"elementor-element elementor-element-2cd77372 e-con-full animated-fast e-flex elementor-invisible e-con e-child\" data-id=\"2cd77372\" data-element_type=\"container\" data-e-type=\"container\" data-settings=\"{&quot;animation&quot;:&quot;fadeIn&quot;,&quot;animation_delay&quot;:100}\">\n\t\t\t\t<div class=\"elementor-element elementor-element-74d6cd4f elementor-widget__width-initial elementor-widget elementor-widget-elementskit-heading\" data-id=\"74d6cd4f\" data-element_type=\"widget\" data-e-type=\"widget\" data-settings=\"{&quot;ekit_we_effect_on&quot;:&quot;none&quot;}\" data-widget_type=\"elementskit-heading.default\">\n\t\t\t\t<div class=\"elementor-widget-container\">\n\t\t\t\t\t<div class=\"ekit-wid-con\" ><div class=\"ekit-heading elementskit-section-title-wraper text_left   ekit_heading_tablet-   ekit_heading_mobile-\"><h5 class=\"ekit-heading--title elementskit-section-title \">\u0130\u015finizi \u0130nceleyecek&amp;Anlayaca\u011f\u0131z<\/h5>\t\t\t\t<div class='ekit-heading__description'>\n\t\t\t\t\t<p>\u0130lk g\u00f6r\u00fc\u015fmemizden itibaren i\u015fletmenizi, rakiplerinizi ve sekt\u00f6r\u00fcn\u00fcz\u00fc ara\u015ft\u0131rmaya ba\u015flar\u0131z. Tamamen \u00f6zel bir teklif olu\u015fturmak i\u00e7in sitenizi denetleyece\u011fiz.<\/p>\n\t\t\t\t<\/div>\n\t\t\t<\/div><\/div>\t\t\t\t<\/div>\n\t\t\t\t<\/div>\n\t\t\t\t<div class=\"elementor-element elementor-element-4a4d251 elementor-widget__width-initial elementor-widget elementor-widget-elementskit-heading\" data-id=\"4a4d251\" data-element_type=\"widget\" data-e-type=\"widget\" data-settings=\"{&quot;ekit_we_effect_on&quot;:&quot;none&quot;}\" data-widget_type=\"elementskit-heading.default\">\n\t\t\t\t<div class=\"elementor-widget-container\">\n\t\t\t\t\t<div class=\"ekit-wid-con\" ><div class=\"ekit-heading elementskit-section-title-wraper text_left   ekit_heading_tablet-   ekit_heading_mobile-\"><h5 class=\"ekit-heading--title elementskit-section-title \">Temel Stratejiyi Geli\u015ftirece\u011fiz<\/h5>\t\t\t\t<div class='ekit-heading__description'>\n\t\t\t\t\t<p>Ara\u015ft\u0131rmam\u0131za dayanarak strateji uzman\u0131n\u0131z, i\u015fletmenizin \u00e7evrimi\u00e7i ortamda daha fazla gelir elde etmesine yard\u0131mc\u0131 olmak i\u00e7in ki\u015fiselle\u015ftirilmi\u015f \u00f6neriler derleyecektir.<\/p>\n\t\t\t\t<\/div>\n\t\t\t<\/div><\/div>\t\t\t\t<\/div>\n\t\t\t\t<\/div>\n\t\t\t\t<div class=\"elementor-element elementor-element-5a8e5d4e elementor-widget__width-initial elementor-widget elementor-widget-elementskit-heading\" data-id=\"5a8e5d4e\" data-element_type=\"widget\" data-e-type=\"widget\" data-settings=\"{&quot;ekit_we_effect_on&quot;:&quot;none&quot;}\" data-widget_type=\"elementskit-heading.default\">\n\t\t\t\t<div class=\"elementor-widget-container\">\n\t\t\t\t\t<div class=\"ekit-wid-con\" ><div class=\"ekit-heading elementskit-section-title-wraper text_left   ekit_heading_tablet-   ekit_heading_mobile-\"><h5 class=\"ekit-heading--title elementskit-section-title \">Ba\u015far\u0131ya haz\u0131r olun!<\/h5>\t\t\t\t<div class='ekit-heading__description'>\n\t\t\t\t\t<p>Size \u00f6zel fiyat teklifimizi ve gerekirse \u00f6n analiz dosyas\u0131n\u0131 da taraf\u0131n\u0131zla payla\u015faca\u011f\u0131z. Teklifimizi onaylaman\u0131z\u0131 takiben h\u0131zla \u00e7al\u0131\u015fmalara ba\u015flayaca\u011f\u0131z.<\/p>\n\t\t\t\t<\/div>\n\t\t\t<\/div><\/div>\t\t\t\t<\/div>\n\t\t\t\t<\/div>\n\t\t\t\t<\/div>\n\t\t\t\t<\/div>\n\t\t\t\t<\/div>\n\t\t\t\t<\/div>\n\t\t\t\t\t<\/div>\n\t\t\t\t<\/div>\n\t\t\t\t<\/div>\n\t\t   ","protected":false},"excerpt":{"rendered":"<p>Hemen \u00dccretsiz Teklif Al\u0131n! A\u015fa\u011f\u0131da kim oldu\u011funuzu ve ne arad\u0131\u011f\u0131n\u0131z\u0131 bize bildirin; size 24 saat i\u00e7inde geri d\u00f6n\u00fc\u015f yapaca\u011f\u0131z. Ad Soyad E-mail Telefon \u015eirketiniz Mesaj\u0131n\u0131z Home Gelirinizi art\u0131rmaya haz\u0131r m\u0131s\u0131n\u0131z? Sadece formu doldurun ve gerisini uzmanlar\u0131m\u0131za b\u0131rak\u0131n. Peki sonra ne olacak: \u0130\u015finizi \u0130nceleyecek&amp;Anlayaca\u011f\u0131z \u0130lk g\u00f6r\u00fc\u015fmemizden itibaren i\u015fletmenizi, rakiplerinizi ve sekt\u00f6r\u00fcn\u00fcz\u00fc ara\u015ft\u0131rmaya ba\u015flar\u0131z. Tamamen \u00f6zel bir [&hellip;]<\/p>\n","protected":false},"author":1,"featured_media":0,"parent":0,"menu_order":0,"comment_status":"closed","ping_status":"closed","template":"","meta":{"footnotes":""},"class_list":["post-27623","page","type-page","status-publish","hentry"],"_links":{"self":[{"href":"https:\/\/roible.com\/tr\/wp-json\/wp\/v2\/pages\/27623","targetHints":{"allow":["GET"]}}],"collection":[{"href":"https:\/\/roible.com\/tr\/wp-json\/wp\/v2\/pages"}],"about":[{"href":"https:\/\/roible.com\/tr\/wp-json\/wp\/v2\/types\/page"}],"author":[{"embeddable":true,"href":"https:\/\/roible.com\/tr\/wp-json\/wp\/v2\/users\/1"}],"replies":[{"embeddable":true,"href":"https:\/\/roible.com\/tr\/wp-json\/wp\/v2\/comments?post=27623"}],"version-history":[{"count":0,"href":"https:\/\/roible.com\/tr\/wp-json\/wp\/v2\/pages\/27623\/revisions"}],"wp:attachment":[{"href":"https:\/\/roible.com\/tr\/wp-json\/wp\/v2\/media?parent=27623"}],"curies":[{"name":"wp","href":"https:\/\/api.w.org\/{rel}","templated":true}]}}